{"id":349859,"date":"2024-10-31T14:09:13","date_gmt":"2024-10-31T13:09:13","guid":{"rendered":"https:\/\/www.arclite-shop.de\/produkt\/02-4058075127371\/"},"modified":"2026-04-18T05:30:50","modified_gmt":"2026-04-18T03:30:50","slug":"02-4058075127371","status":"publish","type":"product","link":"https:\/\/www.arclite-shop.de\/en\/produkt\/02-4058075127371\/","title":{"rendered":"Recessed downlight, round, fire-resistant, dimmable"},"content":{"rendered":"<p>Einbaustrahler, rund, feuerbest\u00e4ndig, dimmbar. Produkteigenschaften: Brandschutz-Anwendung (bis zu 90 Minuten, getestet mit EN 1365-2:2014 &#8216; Feuerwiderstandspr\u00fcfungen f\u00fcr tragende Bauteile &#8211; Teil 2: Decken und D\u00e4cher&#8217;). Verwendung im Aussenbereich und Brandschutz Anwendungen (bis zu 90 Minuten, BS476-20:1987 und BS476-21:1987). Kompatibel zu Standard-Deckenaussparungen von 68 mm. Anf\u00e4ngliche Farbkonsistenz: \u2264 4 SDCM (Schwellwerteinheit). Schutzart, Vorderseite: IP65. Produktvorteile: Hohe Lichtausbeute. Passt zum Design der Leuchtenfamilie LEDVANCE DOWNLIGHT. Energieersparnis von bis zu 90 % verglichen mit Halogenlampen-Spotlights. Funktionales und minimalistisches Design. Einfache Installation mit schnellem Anschluss. Externer Treiber f\u00fcr erweiterte Flexibilit\u00e4t (kompatibel zu ausgew\u00e4hlten dimmbaren Treibern). Design f\u00fcr besonders hohen IP-Schutz. 5 Jahre Garantie. Anwendungsgebiete: Ersatz f\u00fcr Halogenlampen-Spotlights. Hotelzimmer. Bars, Restaurants. Badezimmer. Akzentbeleuchtung. Galerien, Museen. Allgemeinbeleuchtung.<\/p>\n","protected":false},"excerpt":{"rendered":"<p>Einbaustrahler, rund, feuerbest\u00e4ndig, dimmbar. Produkteigenschaften: Brandschutz-Anwendung (bis zu 90 Minuten, getestet mit EN 1365-2:2014 &#8216; Feuerwiderstandspr\u00fcfungen f\u00fcr tragende Bauteile &#8211; Teil 2: Decken und D\u00e4cher&#8217;). Verwendung im Aussenbereich und Brandschutz Anwendungen (bis zu 90 Minuten, BS476-20:1987 und BS476-21:1987). Kompatibel zu<span class=\"excerpt-hellip\"> [\u2026]<\/span><\/p>\n","protected":false},"featured_media":367108,"template":"","meta":[],"product_brand":[],"product_cat":[87053],"product_tag":[],"class_list":{"0":"post-349859","1":"product","2":"type-product","3":"status-publish","4":"has-post-thumbnail","6":"product_cat-downlight-strahler-flutlicht","8":"first","9":"instock","10":"taxable","11":"shipping-taxable","12":"product-type-simple"},"_links":{"self":[{"href":"https:\/\/www.arclite-shop.de\/en\/wp-json\/wp\/v2\/product\/349859","targetHints":{"allow":["GET"]}}],"collection":[{"href":"https:\/\/www.arclite-shop.de\/en\/wp-json\/wp\/v2\/product"}],"about":[{"href":"https:\/\/www.arclite-shop.de\/en\/wp-json\/wp\/v2\/types\/product"}],"wp:featuredmedia":[{"embeddable":true,"href":"https:\/\/www.arclite-shop.de\/en\/wp-json\/wp\/v2\/media\/367108"}],"wp:attachment":[{"href":"https:\/\/www.arclite-shop.de\/en\/wp-json\/wp\/v2\/media?parent=349859"}],"wp:term":[{"taxonomy":"product_brand","embeddable":true,"href":"https:\/\/www.arclite-shop.de\/en\/wp-json\/wp\/v2\/product_brand?post=349859"},{"taxonomy":"product_cat","embeddable":true,"href":"https:\/\/www.arclite-shop.de\/en\/wp-json\/wp\/v2\/product_cat?post=349859"},{"taxonomy":"product_tag","embeddable":true,"href":"https:\/\/www.arclite-shop.de\/en\/wp-json\/wp\/v2\/product_tag?post=349859"}],"curies":[{"name":"wp","href":"https:\/\/api.w.org\/{rel}","templated":true}]}}