{"id":349858,"date":"2024-10-31T14:09:12","date_gmt":"2024-10-31T13:09:12","guid":{"rendered":"https:\/\/www.arclite-shop.de\/produkt\/02-4058075127067\/"},"modified":"2026-04-18T05:33:07","modified_gmt":"2026-04-18T03:33:07","slug":"02-4058075127067","status":"publish","type":"product","link":"https:\/\/www.arclite-shop.de\/en\/produkt\/02-4058075127067\/","title":{"rendered":"Recessed spotlight, round, dimmable"},"content":{"rendered":"<p>Einbaustrahler, rund, dimmbar. Produkteigenschaften: Anf\u00e4ngliche Farbkonsistenz: \u2264 4 SDCM (Schwellwerteinheit). Geh\u00e4usematerial: Aluminium. Material der Linse: PMMA. Produktvorteile: Hohe Lichtausbeute. Passt zum Design der Leuchtenfamilie LEDVANCE DOWNLIGHT. Energieersparnis von bis zu 90 % verglichen mit Halogenlampen-Spotlights. Funktionales und minimalistisches Design. Einfache und schnelle Installation. Externer Treiber f\u00fcr erweiterte Flexibilit\u00e4t (kompatibel zu ausgew\u00e4hlten DALI-Treibern). 5 Jahre Garantie. Anwendungsgebiete: Ersatz f\u00fcr Halogenlampen-Spotlights. Allgemeinbeleuchtung. Hotelzimmer. Bars, Restaurants. Akzentbeleuchtung. Galerien, Museen. Wohnr\u00e4ume.<\/p>\n","protected":false},"excerpt":{"rendered":"<p>Einbaustrahler, rund, dimmbar. Produkteigenschaften: Anf\u00e4ngliche Farbkonsistenz: \u2264 4 SDCM (Schwellwerteinheit). Geh\u00e4usematerial: Aluminium. Material der Linse: PMMA. Produktvorteile: Hohe Lichtausbeute. Passt zum Design der Leuchtenfamilie LEDVANCE DOWNLIGHT. Energieersparnis von bis zu 90 % verglichen mit Halogenlampen-Spotlights. Funktionales und minimalistisches Design. Einfache<span class=\"excerpt-hellip\"> [\u2026]<\/span><\/p>\n","protected":false},"featured_media":367112,"template":"","meta":[],"product_brand":[],"product_cat":[87053],"product_tag":[],"class_list":{"0":"post-349858","1":"product","2":"type-product","3":"status-publish","4":"has-post-thumbnail","6":"product_cat-downlight-strahler-flutlicht","8":"first","9":"instock","10":"taxable","11":"shipping-taxable","12":"product-type-simple"},"_links":{"self":[{"href":"https:\/\/www.arclite-shop.de\/en\/wp-json\/wp\/v2\/product\/349858","targetHints":{"allow":["GET"]}}],"collection":[{"href":"https:\/\/www.arclite-shop.de\/en\/wp-json\/wp\/v2\/product"}],"about":[{"href":"https:\/\/www.arclite-shop.de\/en\/wp-json\/wp\/v2\/types\/product"}],"wp:featuredmedia":[{"embeddable":true,"href":"https:\/\/www.arclite-shop.de\/en\/wp-json\/wp\/v2\/media\/367112"}],"wp:attachment":[{"href":"https:\/\/www.arclite-shop.de\/en\/wp-json\/wp\/v2\/media?parent=349858"}],"wp:term":[{"taxonomy":"product_brand","embeddable":true,"href":"https:\/\/www.arclite-shop.de\/en\/wp-json\/wp\/v2\/product_brand?post=349858"},{"taxonomy":"product_cat","embeddable":true,"href":"https:\/\/www.arclite-shop.de\/en\/wp-json\/wp\/v2\/product_cat?post=349858"},{"taxonomy":"product_tag","embeddable":true,"href":"https:\/\/www.arclite-shop.de\/en\/wp-json\/wp\/v2\/product_tag?post=349858"}],"curies":[{"name":"wp","href":"https:\/\/api.w.org\/{rel}","templated":true}]}}