{"id":349839,"date":"2024-10-31T14:09:00","date_gmt":"2024-10-31T13:09:00","guid":{"rendered":"https:\/\/www.arclite-shop.de\/produkt\/02-4058075113787\/"},"modified":"2026-04-18T06:00:13","modified_gmt":"2026-04-18T04:00:13","slug":"02-4058075113787","status":"publish","type":"product","link":"https:\/\/www.arclite-shop.de\/en\/produkt\/02-4058075113787\/","title":{"rendered":"Sleek, minimalist 3-phase track spotlight, high wattage"},"content":{"rendered":"<p>Schlanker, minimalistischer 3-Phasen-Stromschienen-Strahler, hohe Wattleistung. Produkteigenschaften: Kompakter Stromschienen-Strahler mit integriertem Vorschaltger\u00e4t. Drehwinkel: 350\u00b0, Neigungswinkel: 90\u00b0. Leuchten-Lichtausbeute: bis zu 80 lm\/W. Verf\u00fcgbar mit Farbtemperatur 3000 K oder 4000 K. Sehr gute Farbwiedergabeindex Ra:  &gt; 90. Farbwiedergabeindex Ra9: &gt; 50. Anf\u00e4ngliche Farbkonsistenz: \u2264 3 SDCM (Schwellwerteinheit). Ausgestattet mit Reflektor mit 24 \u00b0 Ausstrahlwinkel. Folgt der einheitlichen Designsprache von LEDVANCE (SCALE Design). Geh\u00e4use aus robustem Alu-Druckguss. Verf\u00fcgbar in Mattwei\u00df (\u00e4hnlich RAL9016), Mattschwarz (\u00e4hnlich RAL9004), Betongrau (\u00e4hnlich RAL7042). Produktvorteile: Enthaltener 3-Phasenadapter kompatibel mit verbreiteten Stromschienen (GLOBAL, EUTRAC, POWERGEAR, STAFF, NORLUX, NUCO, NORDIC). Tiefer Reflektor und schwarzer Entblendring f\u00fcr minimale Blendung (UGR &lt; 16). Reflektor einfach auswechselbar dank Bajonettverschluss und Gummisauger. Keine Ablenkung der Aufmerksamkeit von den beleuchteten Objekten dank kompaktem Design. Flimmerarmes Licht dank speziellem elektronischen Vorschaltger\u00e4t. 5 Jahre Garantie. Anwendungsgebiete: Direkter Ersatz f\u00fcr Leuchten, die HID-Lampen verwenden. Akzentbeleuchtung. Modegesch\u00e4fte, Accessoiresgesch\u00e4fte. Einzelhandel. Hotels, Restaurants, Shops. Technische Ausstattung: Zubeh\u00f6rreflektoren mit 15\u00b0 oder 38\u00b0 Ausstrahlwinkel erh\u00e4ltlich.<\/p>\n","protected":false},"excerpt":{"rendered":"<p>Schlanker, minimalistischer 3-Phasen-Stromschienen-Strahler, hohe Wattleistung. Produkteigenschaften: Kompakter Stromschienen-Strahler mit integriertem Vorschaltger\u00e4t. Drehwinkel: 350\u00b0, Neigungswinkel: 90\u00b0. Leuchten-Lichtausbeute: bis zu 80 lm\/W. Verf\u00fcgbar mit Farbtemperatur 3000 K oder 4000 K. Sehr gute Farbwiedergabeindex Ra: &gt; 90. Farbwiedergabeindex Ra9: &gt; 50. Anf\u00e4ngliche Farbkonsistenz:<span class=\"excerpt-hellip\"> [\u2026]<\/span><\/p>\n","protected":false},"featured_media":367136,"template":"","meta":[],"product_brand":[],"product_cat":[87053],"product_tag":[],"class_list":{"0":"post-349839","1":"product","2":"type-product","3":"status-publish","4":"has-post-thumbnail","6":"product_cat-downlight-strahler-flutlicht","8":"first","9":"instock","10":"taxable","11":"shipping-taxable","12":"product-type-simple"},"_links":{"self":[{"href":"https:\/\/www.arclite-shop.de\/en\/wp-json\/wp\/v2\/product\/349839","targetHints":{"allow":["GET"]}}],"collection":[{"href":"https:\/\/www.arclite-shop.de\/en\/wp-json\/wp\/v2\/product"}],"about":[{"href":"https:\/\/www.arclite-shop.de\/en\/wp-json\/wp\/v2\/types\/product"}],"wp:featuredmedia":[{"embeddable":true,"href":"https:\/\/www.arclite-shop.de\/en\/wp-json\/wp\/v2\/media\/367136"}],"wp:attachment":[{"href":"https:\/\/www.arclite-shop.de\/en\/wp-json\/wp\/v2\/media?parent=349839"}],"wp:term":[{"taxonomy":"product_brand","embeddable":true,"href":"https:\/\/www.arclite-shop.de\/en\/wp-json\/wp\/v2\/product_brand?post=349839"},{"taxonomy":"product_cat","embeddable":true,"href":"https:\/\/www.arclite-shop.de\/en\/wp-json\/wp\/v2\/product_cat?post=349839"},{"taxonomy":"product_tag","embeddable":true,"href":"https:\/\/www.arclite-shop.de\/en\/wp-json\/wp\/v2\/product_tag?post=349839"}],"curies":[{"name":"wp","href":"https:\/\/api.w.org\/{rel}","templated":true}]}}