{"id":349806,"date":"2024-10-31T14:08:37","date_gmt":"2024-10-31T13:08:37","guid":{"rendered":"https:\/\/www.arclite-shop.de\/produkt\/02-4058075109544\/"},"modified":"2026-04-18T07:29:42","modified_gmt":"2026-04-18T05:29:42","slug":"02-4058075109544","status":"publish","type":"product","link":"https:\/\/www.arclite-shop.de\/en\/produkt\/02-4058075109544\/","title":{"rendered":"LINEAR IndiviLED\u00ae DIRECT EMERGENCY 1200 33 W 4000 K EM"},"content":{"rendered":"<p>Anbauleuchte f\u00fcr Einzel- oder Lichtbandanwendungen mit Notbeleuchtung -Funktion. Produkteigenschaften: Jede LED mit individueller Linse und Reflektor f\u00fcr UGR &lt; 16 und homogene Lichtverteilung. Umbausatz f\u00fcr Notbeleuchtung gem\u00e4\u00df IEC 60598-2-22 (Treiber und 3 Stunden Batteriebetrieb f\u00fcr den Notlichtfall) inklusive. Einfache Wartung dank automatischem Selbsttest f\u00fcr Notbeleuchtung gem\u00e4\u00df IEC 60598-2-22. Abgeh\u00e4ngte Montage mit Abh\u00e4ngeset. Verbindbar in ein nahtloses Lichtband mithilfe eines mechanischen Verbinders (bei Anbau- oder Abh\u00e4ngemontage). Versionen mit L\u00e4nge 1200 oder 1500 mm verf\u00fcgbar. Lichtstrom bis zu 5700 lm. Lichtausbeute: bis zu 125 lm\/W. Anf\u00e4ngliche Farbkonsistenz: 3 SDCM (Schwellwerteinheit). Produktvorteile: Homogene Lichtverteilung und reduzierte Blendwirkung dank der IndiviLED\u00ae-Optik. Notbeleuchtung-Funktion gem\u00e4\u00df IEC 60598-2-22 mit Notbeleuchtungs-Treiber und Batterie. Flimmerarmes Licht dank speziellem elektronischen Vorschaltger\u00e4t. Verschiedene Montageoptionen. Bis zu 50 % Energieersparnis verglichen mit T5-Lichtleisten. Weitere Varianten mit DALI-EVG oder Durchverdrahtung zus\u00e4tzlich verf\u00fcgbar. Robustes Geh\u00e4use mit IK06. Anwendungsgebiete: Direkter Ersatz f\u00fcr Leuchten mit Leuchtstofflampen. B\u00fcror\u00e4ume, Schulen. Allgemeine Innenbeleuchtung. Korridore, Eingangsbereiche. Nahtlose Lichtb\u00e4nder. Shopbeleuchtung. Technische Ausstattung: Deckenanschlu\u00dfdose verf\u00fcgbar. Abh\u00e4ngeset verf\u00fcgbar. Mechanischer Verbinder verf\u00fcgbar. Durchgangsverdrahtungs-Set verf\u00fcgbar.<\/p>\n","protected":false},"excerpt":{"rendered":"<p>Anbauleuchte f\u00fcr Einzel- oder Lichtbandanwendungen mit Notbeleuchtung -Funktion. Produkteigenschaften: Jede LED mit individueller Linse und Reflektor f\u00fcr UGR &lt; 16 und homogene Lichtverteilung. Umbausatz f\u00fcr Notbeleuchtung gem\u00e4\u00df IEC 60598-2-22 (Treiber und 3 Stunden Batteriebetrieb f\u00fcr den Notlichtfall) inklusive. Einfache Wartung<span class=\"excerpt-hellip\"> [\u2026]<\/span><\/p>\n","protected":false},"featured_media":367158,"template":"","meta":[],"product_brand":[],"product_cat":[87052],"product_tag":[],"class_list":{"0":"post-349806","1":"product","2":"type-product","3":"status-publish","4":"has-post-thumbnail","6":"product_cat-decken-wandleuchte","8":"first","9":"instock","10":"taxable","11":"shipping-taxable","12":"product-type-simple"},"_links":{"self":[{"href":"https:\/\/www.arclite-shop.de\/en\/wp-json\/wp\/v2\/product\/349806","targetHints":{"allow":["GET"]}}],"collection":[{"href":"https:\/\/www.arclite-shop.de\/en\/wp-json\/wp\/v2\/product"}],"about":[{"href":"https:\/\/www.arclite-shop.de\/en\/wp-json\/wp\/v2\/types\/product"}],"wp:featuredmedia":[{"embeddable":true,"href":"https:\/\/www.arclite-shop.de\/en\/wp-json\/wp\/v2\/media\/367158"}],"wp:attachment":[{"href":"https:\/\/www.arclite-shop.de\/en\/wp-json\/wp\/v2\/media?parent=349806"}],"wp:term":[{"taxonomy":"product_brand","embeddable":true,"href":"https:\/\/www.arclite-shop.de\/en\/wp-json\/wp\/v2\/product_brand?post=349806"},{"taxonomy":"product_cat","embeddable":true,"href":"https:\/\/www.arclite-shop.de\/en\/wp-json\/wp\/v2\/product_cat?post=349806"},{"taxonomy":"product_tag","embeddable":true,"href":"https:\/\/www.arclite-shop.de\/en\/wp-json\/wp\/v2\/product_tag?post=349806"}],"curies":[{"name":"wp","href":"https:\/\/api.w.org\/{rel}","templated":true}]}}