{"id":349805,"date":"2024-10-31T14:08:37","date_gmt":"2024-10-31T13:08:37","guid":{"rendered":"https:\/\/www.arclite-shop.de\/produkt\/02-4058075109049\/"},"modified":"2026-04-18T07:28:46","modified_gmt":"2026-04-18T05:28:46","slug":"02-4058075109049","status":"publish","type":"product","link":"https:\/\/www.arclite-shop.de\/en\/produkt\/02-4058075109049\/","title":{"rendered":"Pendant lamp for single or continuous lighting applications"},"content":{"rendered":"<p>H\u00e4ngeleuchte f\u00fcr Einzel- oder Lichtbandanwendungen. Produkteigenschaften: Jede LED mit individueller Linse und Reflektor f\u00fcr UGR &lt; 16 und homogene Lichtverteilung. Indirekte Beleuchtung mit 850 lm. Abgeh\u00e4ngte Montage mit Abh\u00e4ngeset. Verbindbar in ein nahtloses Lichtband mithilfe eines mechanischen Verbinders (bei Anbau- oder Abh\u00e4ngemontage). Versionen mit L\u00e4nge 1200 oder 1500 mm verf\u00fcgbar. Lichtstrom bis zu 6550 lm. Lichtausbeute: bis zu 120 lm\/W. Anf\u00e4ngliche Farbkonsistenz: 3 SDCM (Schwellwerteinheit). Gl\u00fchdrahtpr\u00fcfung nach IEC 60695-2-12: 850 \u00b0C. Lebensdauer (L70\/B50): 60.000 h (bei 25 \u00b0C). Produktvorteile: Homogene Lichtverteilung und reduzierte Blendwirkung dank der IndiviLED\u00ae-Optik. Erh\u00f6hter Lichtkomfort mit direkter und indirekter Abstrahlcharakteristik. Die Produktfamilie bietet umfassende L\u00f6sungen f\u00fcr unterschiedlichste Anwendungsgebiete. Bis zu 50 % Energieersparnis verglichen mit T5-Lichtleisten. Robustes Geh\u00e4use mit IK06. Versionen mit DALI-EVG verf\u00fcgbar. 5 Jahre Garantie. Anwendungsgebiete: Direkter Ersatz f\u00fcr Leuchten mit Leuchtstofflampen. B\u00fcror\u00e4ume, Schulen. Allgemeine Innenbeleuchtung. Korridore, Eingangsbereiche. Nahtlose Lichtb\u00e4nder. Shopbeleuchtung. Technische Ausstattung: Deckenanschlu\u00dfdose verf\u00fcgbar. Abh\u00e4ngeset verf\u00fcgbar. Mechanischer Verbinder verf\u00fcgbar. Durchgangsverdrahtungs-Set verf\u00fcgbar.<\/p>\n","protected":false},"excerpt":{"rendered":"<p>H\u00e4ngeleuchte f\u00fcr Einzel- oder Lichtbandanwendungen. Produkteigenschaften: Jede LED mit individueller Linse und Reflektor f\u00fcr UGR &lt; 16 und homogene Lichtverteilung. Indirekte Beleuchtung mit 850 lm. Abgeh\u00e4ngte Montage mit Abh\u00e4ngeset. Verbindbar in ein nahtloses Lichtband mithilfe eines mechanischen Verbinders (bei Anbau-<span class=\"excerpt-hellip\"> [\u2026]<\/span><\/p>\n","protected":false},"featured_media":367156,"template":"","meta":[],"product_brand":[],"product_cat":[87092],"product_tag":[],"class_list":{"0":"post-349805","1":"product","2":"type-product","3":"status-publish","4":"has-post-thumbnail","6":"product_cat-pendelleuchte","8":"first","9":"instock","10":"taxable","11":"shipping-taxable","12":"product-type-simple"},"_links":{"self":[{"href":"https:\/\/www.arclite-shop.de\/en\/wp-json\/wp\/v2\/product\/349805","targetHints":{"allow":["GET"]}}],"collection":[{"href":"https:\/\/www.arclite-shop.de\/en\/wp-json\/wp\/v2\/product"}],"about":[{"href":"https:\/\/www.arclite-shop.de\/en\/wp-json\/wp\/v2\/types\/product"}],"wp:featuredmedia":[{"embeddable":true,"href":"https:\/\/www.arclite-shop.de\/en\/wp-json\/wp\/v2\/media\/367156"}],"wp:attachment":[{"href":"https:\/\/www.arclite-shop.de\/en\/wp-json\/wp\/v2\/media?parent=349805"}],"wp:term":[{"taxonomy":"product_brand","embeddable":true,"href":"https:\/\/www.arclite-shop.de\/en\/wp-json\/wp\/v2\/product_brand?post=349805"},{"taxonomy":"product_cat","embeddable":true,"href":"https:\/\/www.arclite-shop.de\/en\/wp-json\/wp\/v2\/product_cat?post=349805"},{"taxonomy":"product_tag","embeddable":true,"href":"https:\/\/www.arclite-shop.de\/en\/wp-json\/wp\/v2\/product_tag?post=349805"}],"curies":[{"name":"wp","href":"https:\/\/api.w.org\/{rel}","templated":true}]}}