{"id":349752,"date":"2024-10-31T14:08:01","date_gmt":"2024-10-31T13:08:01","guid":{"rendered":"https:\/\/www.arclite-shop.de\/produkt\/02-4058075092037\/"},"modified":"2026-04-18T08:30:04","modified_gmt":"2026-04-18T06:30:04","slug":"02-4058075092037","status":"publish","type":"product","link":"https:\/\/www.arclite-shop.de\/en\/produkt\/02-4058075092037\/","title":{"rendered":"LED lamps, vintage edition, with special bulb shape"},"content":{"rendered":"<p>LED-Lampen, Vintage-Edition. Produkteigenschaften: LED-Lampen f\u00fcr Netzspannung. Lampe aus Glas. Lebensdauer: bis zu 15.000 h. Ausstrahlungswinkel: bis zu 360\u00b0. Gute Lichtqualit\u00e4t; Farbwiedergabeindex Ra: \u2265 80; konstanter Farbort. Produktvorteile: Sehr geringer Energieverbrauch. Sofort 100 % Licht, keine Aufw\u00e4rmzeit. Einfacher Austausch von Standardgl\u00fchlampen. Lampen mit innovativer LED-&#8220;Filament&#8221;-Technologie. Anwendungsgebiete: Ideal f\u00fcr dekorative Einbauten. Anwendungen im Haushalt. Allgemeinbeleuchtung. Einsatz im Au\u00dfenbereich nur in geeigneten Au\u00dfenleuchten.<\/p>\n","protected":false},"excerpt":{"rendered":"<p>LED-Lampen, Vintage-Edition. Produkteigenschaften: LED-Lampen f\u00fcr Netzspannung. Lampe aus Glas. Lebensdauer: bis zu 15.000 h. Ausstrahlungswinkel: bis zu 360\u00b0. Gute Lichtqualit\u00e4t; Farbwiedergabeindex Ra: \u2265 80; konstanter Farbort. Produktvorteile: Sehr geringer Energieverbrauch. Sofort 100 % Licht, keine Aufw\u00e4rmzeit. Einfacher Austausch von Standardgl\u00fchlampen.<span class=\"excerpt-hellip\"> [\u2026]<\/span><\/p>\n","protected":false},"featured_media":367212,"template":"","meta":[],"product_brand":[],"product_cat":[87060],"product_tag":[],"class_list":{"0":"post-349752","1":"product","2":"type-product","3":"status-publish","4":"has-post-thumbnail","6":"product_cat-led-lampe-multi-led","8":"first","9":"instock","10":"taxable","11":"shipping-taxable","12":"product-type-simple"},"_links":{"self":[{"href":"https:\/\/www.arclite-shop.de\/en\/wp-json\/wp\/v2\/product\/349752","targetHints":{"allow":["GET"]}}],"collection":[{"href":"https:\/\/www.arclite-shop.de\/en\/wp-json\/wp\/v2\/product"}],"about":[{"href":"https:\/\/www.arclite-shop.de\/en\/wp-json\/wp\/v2\/types\/product"}],"wp:featuredmedia":[{"embeddable":true,"href":"https:\/\/www.arclite-shop.de\/en\/wp-json\/wp\/v2\/media\/367212"}],"wp:attachment":[{"href":"https:\/\/www.arclite-shop.de\/en\/wp-json\/wp\/v2\/media?parent=349752"}],"wp:term":[{"taxonomy":"product_brand","embeddable":true,"href":"https:\/\/www.arclite-shop.de\/en\/wp-json\/wp\/v2\/product_brand?post=349752"},{"taxonomy":"product_cat","embeddable":true,"href":"https:\/\/www.arclite-shop.de\/en\/wp-json\/wp\/v2\/product_cat?post=349752"},{"taxonomy":"product_tag","embeddable":true,"href":"https:\/\/www.arclite-shop.de\/en\/wp-json\/wp\/v2\/product_tag?post=349752"}],"curies":[{"name":"wp","href":"https:\/\/api.w.org\/{rel}","templated":true}]}}