{"id":349707,"date":"2024-10-31T14:07:30","date_gmt":"2024-10-31T13:07:30","guid":{"rendered":"https:\/\/www.arclite-shop.de\/produkt\/02-4058075066472\/"},"modified":"2026-04-18T09:37:33","modified_gmt":"2026-04-18T07:37:33","slug":"02-4058075066472","status":"publish","type":"product","link":"https:\/\/www.arclite-shop.de\/en\/produkt\/02-4058075066472\/","title":{"rendered":"Damp-proof luminaire with slim housing"},"content":{"rendered":"<p>Damp-proof luminaire with slim housing. Produkteigenschaften: Hohe Lichtausbeute: bis zu 110 lm\/W. Ausstrahlungswinkel: 120\u00b0. Schutzart: IP65. Produktvorteile: Gleichm\u00e4\u00dfige Lichtverteilung. Bis zu 50 % Energieersparnis (verglichen mit Leuchten, die Leuchtstofflampen verwenden). Sehr schlankes Geh\u00e4use. Einfache Installation dank Montageklammern, die frei an der Leuchte positioniert werden k\u00f6nnen. Werkzeugloser elektrischer Anschluss dank Push-Button-Anschlussklemme. 3 Jahre Garantie. Einfacher Zugang zum Anschlussterminal dank Endkappe mit Schnappmechanismus. Anwendungsgebiete: Industrie- und Lagerareale. Parkpl\u00e4tze und Unterf\u00fchrungen. Garagen. Werkst\u00e4tten, Fertigungsstra\u00dfen. Technische Ausstattung: Klammern aus Edelstahl und Sicherheitsschrauben enthalten. Montagezubeh\u00f6r enthalten (Abh\u00e4ngungs-Kit, Diebstahlschutz-Kit).<\/p>\n","protected":false},"excerpt":{"rendered":"<p>Damp-proof luminaire with slim housing. Produkteigenschaften: Hohe Lichtausbeute: bis zu 110 lm\/W. Ausstrahlungswinkel: 120\u00b0. Schutzart: IP65. Produktvorteile: Gleichm\u00e4\u00dfige Lichtverteilung. Bis zu 50 % Energieersparnis (verglichen mit Leuchten, die Leuchtstofflampen verwenden). Sehr schlankes Geh\u00e4use. Einfache Installation dank Montageklammern, die frei an<span class=\"excerpt-hellip\"> [\u2026]<\/span><\/p>\n","protected":false},"featured_media":367248,"template":"","meta":[],"product_brand":[],"product_cat":[87052],"product_tag":[],"class_list":{"0":"post-349707","1":"product","2":"type-product","3":"status-publish","4":"has-post-thumbnail","6":"product_cat-decken-wandleuchte","8":"first","9":"instock","10":"taxable","11":"shipping-taxable","12":"product-type-simple"},"_links":{"self":[{"href":"https:\/\/www.arclite-shop.de\/en\/wp-json\/wp\/v2\/product\/349707","targetHints":{"allow":["GET"]}}],"collection":[{"href":"https:\/\/www.arclite-shop.de\/en\/wp-json\/wp\/v2\/product"}],"about":[{"href":"https:\/\/www.arclite-shop.de\/en\/wp-json\/wp\/v2\/types\/product"}],"wp:featuredmedia":[{"embeddable":true,"href":"https:\/\/www.arclite-shop.de\/en\/wp-json\/wp\/v2\/media\/367248"}],"wp:attachment":[{"href":"https:\/\/www.arclite-shop.de\/en\/wp-json\/wp\/v2\/media?parent=349707"}],"wp:term":[{"taxonomy":"product_brand","embeddable":true,"href":"https:\/\/www.arclite-shop.de\/en\/wp-json\/wp\/v2\/product_brand?post=349707"},{"taxonomy":"product_cat","embeddable":true,"href":"https:\/\/www.arclite-shop.de\/en\/wp-json\/wp\/v2\/product_cat?post=349707"},{"taxonomy":"product_tag","embeddable":true,"href":"https:\/\/www.arclite-shop.de\/en\/wp-json\/wp\/v2\/product_tag?post=349707"}],"curies":[{"name":"wp","href":"https:\/\/api.w.org\/{rel}","templated":true}]}}