{"id":349703,"date":"2024-10-31T14:07:28","date_gmt":"2024-10-31T13:07:28","guid":{"rendered":"https:\/\/www.arclite-shop.de\/produkt\/02-4058075063945\/"},"modified":"2026-04-18T09:41:30","modified_gmt":"2026-04-18T07:41:30","slug":"02-4058075063945","status":"publish","type":"product","link":"https:\/\/www.arclite-shop.de\/en\/produkt\/02-4058075063945\/","title":{"rendered":"Flat Downlight Lights with External Driver and Aluminum Housing"},"content":{"rendered":"<p>Flache Downlightleuchten mit externem Treiber und Aluminiumgeh\u00e4use. Produkteigenschaften: Robustes Aluminiumgeh\u00e4use in wei\u00df. Schmaler sichtbarer Rahmen. Lichtleiter aus vergilbungsfreiem PMMA f\u00fcr lange Lebensdauer. Produktvorteile: Sehr schlankes Geh\u00e4use. Niedrige Installationstiefe. Hohe Lichtausbeute. Bis zu 60 % Energieersparnis (im Vergleich zu Leuchten, die Kompaktleuchtstofflampen nutzen). Sehr homogenes Licht. Funktionales Design. Externer Treiber f\u00fcr einfachen Austausch. 5 Jahre Garantie. Anwendungsgebiete: Direkter Ersatz f\u00fcr Leuchten mit Kompaktleuchtstofflampen. Allgemeinbeleuchtung. \u00d6ffentlicher Raum. Treppenh\u00e4user. Flure. Eingangsbereiche. Gesch\u00e4fte.<\/p>\n","protected":false},"excerpt":{"rendered":"<p>Flache Downlightleuchten mit externem Treiber und Aluminiumgeh\u00e4use. Produkteigenschaften: Robustes Aluminiumgeh\u00e4use in wei\u00df. Schmaler sichtbarer Rahmen. Lichtleiter aus vergilbungsfreiem PMMA f\u00fcr lange Lebensdauer. Produktvorteile: Sehr schlankes Geh\u00e4use. Niedrige Installationstiefe. Hohe Lichtausbeute. Bis zu 60 % Energieersparnis (im Vergleich zu Leuchten, die<span class=\"excerpt-hellip\"> [\u2026]<\/span><\/p>\n","protected":false},"featured_media":367252,"template":"","meta":[],"product_brand":[],"product_cat":[87053],"product_tag":[],"class_list":{"0":"post-349703","1":"product","2":"type-product","3":"status-publish","4":"has-post-thumbnail","6":"product_cat-downlight-strahler-flutlicht","8":"first","9":"instock","10":"taxable","11":"shipping-taxable","12":"product-type-simple"},"_links":{"self":[{"href":"https:\/\/www.arclite-shop.de\/en\/wp-json\/wp\/v2\/product\/349703","targetHints":{"allow":["GET"]}}],"collection":[{"href":"https:\/\/www.arclite-shop.de\/en\/wp-json\/wp\/v2\/product"}],"about":[{"href":"https:\/\/www.arclite-shop.de\/en\/wp-json\/wp\/v2\/types\/product"}],"wp:featuredmedia":[{"embeddable":true,"href":"https:\/\/www.arclite-shop.de\/en\/wp-json\/wp\/v2\/media\/367252"}],"wp:attachment":[{"href":"https:\/\/www.arclite-shop.de\/en\/wp-json\/wp\/v2\/media?parent=349703"}],"wp:term":[{"taxonomy":"product_brand","embeddable":true,"href":"https:\/\/www.arclite-shop.de\/en\/wp-json\/wp\/v2\/product_brand?post=349703"},{"taxonomy":"product_cat","embeddable":true,"href":"https:\/\/www.arclite-shop.de\/en\/wp-json\/wp\/v2\/product_cat?post=349703"},{"taxonomy":"product_tag","embeddable":true,"href":"https:\/\/www.arclite-shop.de\/en\/wp-json\/wp\/v2\/product_tag?post=349703"}],"curies":[{"name":"wp","href":"https:\/\/api.w.org\/{rel}","templated":true}]}}