{"id":349688,"date":"2024-10-31T14:07:17","date_gmt":"2024-10-31T13:07:17","guid":{"rendered":"https:\/\/www.arclite-shop.de\/produkt\/02-4052899930292\/"},"modified":"2026-04-18T09:49:12","modified_gmt":"2026-04-18T07:49:12","slug":"02-4052899930292","status":"publish","type":"product","link":"https:\/\/www.arclite-shop.de\/en\/produkt\/02-4052899930292\/","title":{"rendered":"Sensors for light management systems"},"content":{"rendered":"<p>Sensoren f\u00fcr Lichtmanagementsysteme. Produkteigenschaften: Montageh\u00f6he: 2\u20265 m. Pr\u00e4senzerfassung \u00fcber passives IR-Element. Arbeitsbereich Lichtsensor: 20\u2026800 lx (gemessen am Sensor). Tageslichtabh\u00e4ngige Regelung und pr\u00e4senzabh\u00e4ngige Lichtsteuerung. Direktanschluss an DALI. Funktionsanzeige mit zweifarbiger LED. Deckeneinbauadapter. Produktvorteile: \u00dcber DALI adressierbar. Tageslichtabh\u00e4ngige Regelung mit Abschaltautomatik bei ausreichendem Tageslicht. Netzwerk mehrerer Sensoren m\u00f6glich. Einfache Installation. Sensorintegration in DALI. Stromversorgung aus DALI. Pr\u00e4senzerfassungsbereich \u00fcber integrierte Shutter zwischen 40\u202690\u00b0 einstellbar. DALI basiertes Lichtmanagementsystem integrierbar in Geb\u00e4udemanagementsysteme. Anwendungsgebiete: Klassenzimmer. Konferenzr\u00e4ume. Flure. Einzelb\u00fcros. Gruppenb\u00fcros. Restaurants. Shopbeleuchtung. Geeignet f\u00fcr Anwendungen im Innenbereich. Technische Ausstattung: Verwendbar mit DALI Professional- oder DALIeco-Lichtsteuerungssystem.<\/p>\n","protected":false},"excerpt":{"rendered":"<p>Sensoren f\u00fcr Lichtmanagementsysteme. Produkteigenschaften: Montageh\u00f6he: 2\u20265 m. Pr\u00e4senzerfassung \u00fcber passives IR-Element. Arbeitsbereich Lichtsensor: 20\u2026800 lx (gemessen am Sensor). Tageslichtabh\u00e4ngige Regelung und pr\u00e4senzabh\u00e4ngige Lichtsteuerung. Direktanschluss an DALI. Funktionsanzeige mit zweifarbiger LED. Deckeneinbauadapter. Produktvorteile: \u00dcber DALI adressierbar. Tageslichtabh\u00e4ngige Regelung mit Abschaltautomatik bei<span class=\"excerpt-hellip\"> [\u2026]<\/span><\/p>\n","protected":false},"featured_media":340106,"template":"","meta":[],"product_brand":[],"product_cat":[87015],"product_tag":[],"class_list":{"0":"post-349688","1":"product","2":"type-product","3":"status-publish","4":"has-post-thumbnail","6":"product_cat-lichtregelsystemkomponente-ledvance","8":"first","9":"instock","10":"taxable","11":"shipping-taxable","12":"product-type-simple"},"_links":{"self":[{"href":"https:\/\/www.arclite-shop.de\/en\/wp-json\/wp\/v2\/product\/349688","targetHints":{"allow":["GET"]}}],"collection":[{"href":"https:\/\/www.arclite-shop.de\/en\/wp-json\/wp\/v2\/product"}],"about":[{"href":"https:\/\/www.arclite-shop.de\/en\/wp-json\/wp\/v2\/types\/product"}],"wp:featuredmedia":[{"embeddable":true,"href":"https:\/\/www.arclite-shop.de\/en\/wp-json\/wp\/v2\/media\/340106"}],"wp:attachment":[{"href":"https:\/\/www.arclite-shop.de\/en\/wp-json\/wp\/v2\/media?parent=349688"}],"wp:term":[{"taxonomy":"product_brand","embeddable":true,"href":"https:\/\/www.arclite-shop.de\/en\/wp-json\/wp\/v2\/product_brand?post=349688"},{"taxonomy":"product_cat","embeddable":true,"href":"https:\/\/www.arclite-shop.de\/en\/wp-json\/wp\/v2\/product_cat?post=349688"},{"taxonomy":"product_tag","embeddable":true,"href":"https:\/\/www.arclite-shop.de\/en\/wp-json\/wp\/v2\/product_tag?post=349688"}],"curies":[{"name":"wp","href":"https:\/\/api.w.org\/{rel}","templated":true}]}}