{"id":349679,"date":"2024-10-31T14:07:11","date_gmt":"2024-10-31T13:07:11","guid":{"rendered":"https:\/\/www.arclite-shop.de\/produkt\/02-4052899557949\/"},"modified":"2026-04-18T09:51:23","modified_gmt":"2026-04-18T07:51:23","slug":"02-4052899557949","status":"publish","type":"product","link":"https:\/\/www.arclite-shop.de\/en\/produkt\/02-4052899557949\/","title":{"rendered":"Constant Voltage Dimmer with DMX"},"content":{"rendered":"<p>Konstantspannungsdimmer mit DMX. Produkteigenschaften: Intelligenter DMX-Dimmer mit Mehrkanaltopologie und einzelner Ansteuerung. Automatische oder manuelle Adressierung. Ger\u00e4t auch f\u00fcr Spezialanwendungen, die Dimmniveau unter 1 % erfordern, geeignet. Produktvorteile: Sicherheitsanforderung durch \u00dcberlast-, \u00dcbertemperatur-, Kurzschluss-Schutz. Anwendungsgebiete: Geeignet f\u00fcr Installationen im Innenbereich. Leuchteneinbau und unabh\u00e4ngige oder Hutschienenmontage.<\/p>\n","protected":false},"excerpt":{"rendered":"<p>Konstantspannungsdimmer mit DMX. Produkteigenschaften: Intelligenter DMX-Dimmer mit Mehrkanaltopologie und einzelner Ansteuerung. Automatische oder manuelle Adressierung. Ger\u00e4t auch f\u00fcr Spezialanwendungen, die Dimmniveau unter 1 % erfordern, geeignet. Produktvorteile: Sicherheitsanforderung durch \u00dcberlast-, \u00dcbertemperatur-, Kurzschluss-Schutz. Anwendungsgebiete: Geeignet f\u00fcr Installationen im Innenbereich. Leuchteneinbau und<span class=\"excerpt-hellip\"> [\u2026]<\/span><\/p>\n","protected":false},"featured_media":367278,"template":"","meta":[],"product_brand":[],"product_cat":[87021],"product_tag":[],"class_list":{"0":"post-349679","1":"product","2":"type-product","3":"status-publish","4":"has-post-thumbnail","6":"product_cat-led-betriebsgeraet-ledvance","8":"first","9":"instock","10":"taxable","11":"shipping-taxable","12":"product-type-simple"},"_links":{"self":[{"href":"https:\/\/www.arclite-shop.de\/en\/wp-json\/wp\/v2\/product\/349679","targetHints":{"allow":["GET"]}}],"collection":[{"href":"https:\/\/www.arclite-shop.de\/en\/wp-json\/wp\/v2\/product"}],"about":[{"href":"https:\/\/www.arclite-shop.de\/en\/wp-json\/wp\/v2\/types\/product"}],"wp:featuredmedia":[{"embeddable":true,"href":"https:\/\/www.arclite-shop.de\/en\/wp-json\/wp\/v2\/media\/367278"}],"wp:attachment":[{"href":"https:\/\/www.arclite-shop.de\/en\/wp-json\/wp\/v2\/media?parent=349679"}],"wp:term":[{"taxonomy":"product_brand","embeddable":true,"href":"https:\/\/www.arclite-shop.de\/en\/wp-json\/wp\/v2\/product_brand?post=349679"},{"taxonomy":"product_cat","embeddable":true,"href":"https:\/\/www.arclite-shop.de\/en\/wp-json\/wp\/v2\/product_cat?post=349679"},{"taxonomy":"product_tag","embeddable":true,"href":"https:\/\/www.arclite-shop.de\/en\/wp-json\/wp\/v2\/product_tag?post=349679"}],"curies":[{"name":"wp","href":"https:\/\/api.w.org\/{rel}","templated":true}]}}