{"id":349674,"date":"2024-10-31T14:07:08","date_gmt":"2024-10-31T13:07:08","guid":{"rendered":"https:\/\/www.arclite-shop.de\/produkt\/02-4052899546004\/"},"modified":"2026-04-18T09:52:26","modified_gmt":"2026-04-18T07:52:26","slug":"02-4052899546004","status":"publish","type":"product","link":"https:\/\/www.arclite-shop.de\/en\/produkt\/02-4052899546004\/","title":{"rendered":"Constant voltage supplies 24 V"},"content":{"rendered":"<p>Konstantspannungsversorgungen 24 V. Produktvorteile: Vielseitiger Anwendungsbereich durch Ausgangsleistungen von bis zu 240 W. Sehr hohe Effizienz und Zuverl\u00e4ssigkeit. Konstanter Lichtstrom f\u00fcr sehr niedrige und hohe Temperaturen durch Smart Power Supply. Anwendungsgebiete: Geeignet f\u00fcr SELV-Installationen im Innen- und Au\u00dfenbereich. F\u00fcr den Einsatz in schlanken, flachen Leuchten geeignet oder f\u00fcr den Einbau in abgeh\u00e4ngte Decke. Au\u00dfenanwendungen nur in geeigneten Leuchten.<\/p>\n","protected":false},"excerpt":{"rendered":"<p>Konstantspannungsversorgungen 24 V. Produktvorteile: Vielseitiger Anwendungsbereich durch Ausgangsleistungen von bis zu 240 W. Sehr hohe Effizienz und Zuverl\u00e4ssigkeit. Konstanter Lichtstrom f\u00fcr sehr niedrige und hohe Temperaturen durch Smart Power Supply. Anwendungsgebiete: Geeignet f\u00fcr SELV-Installationen im Innen- und Au\u00dfenbereich. F\u00fcr den<span class=\"excerpt-hellip\"> [\u2026]<\/span><\/p>\n","protected":false},"featured_media":367284,"template":"","meta":[],"product_brand":[],"product_cat":[87021],"product_tag":[],"class_list":{"0":"post-349674","1":"product","2":"type-product","3":"status-publish","4":"has-post-thumbnail","6":"product_cat-led-betriebsgeraet-ledvance","8":"first","9":"instock","10":"taxable","11":"shipping-taxable","12":"product-type-simple"},"_links":{"self":[{"href":"https:\/\/www.arclite-shop.de\/en\/wp-json\/wp\/v2\/product\/349674","targetHints":{"allow":["GET"]}}],"collection":[{"href":"https:\/\/www.arclite-shop.de\/en\/wp-json\/wp\/v2\/product"}],"about":[{"href":"https:\/\/www.arclite-shop.de\/en\/wp-json\/wp\/v2\/types\/product"}],"wp:featuredmedia":[{"embeddable":true,"href":"https:\/\/www.arclite-shop.de\/en\/wp-json\/wp\/v2\/media\/367284"}],"wp:attachment":[{"href":"https:\/\/www.arclite-shop.de\/en\/wp-json\/wp\/v2\/media?parent=349674"}],"wp:term":[{"taxonomy":"product_brand","embeddable":true,"href":"https:\/\/www.arclite-shop.de\/en\/wp-json\/wp\/v2\/product_brand?post=349674"},{"taxonomy":"product_cat","embeddable":true,"href":"https:\/\/www.arclite-shop.de\/en\/wp-json\/wp\/v2\/product_cat?post=349674"},{"taxonomy":"product_tag","embeddable":true,"href":"https:\/\/www.arclite-shop.de\/en\/wp-json\/wp\/v2\/product_tag?post=349674"}],"curies":[{"name":"wp","href":"https:\/\/api.w.org\/{rel}","templated":true}]}}