{"id":349668,"date":"2024-10-31T14:07:05","date_gmt":"2024-10-31T13:07:05","guid":{"rendered":"https:\/\/www.arclite-shop.de\/produkt\/02-4052899522572\/"},"modified":"2026-04-18T09:53:14","modified_gmt":"2026-04-18T07:53:14","slug":"02-4052899522572","status":"publish","type":"product","link":"https:\/\/www.arclite-shop.de\/en\/produkt\/02-4052899522572\/","title":{"rendered":"Linear \/ Area Constant Current \u2013 Not Dimmable"},"content":{"rendered":"<p>Linear \/ Area Konstantstrom \u2013 Nicht dimmbar. Produkteigenschaften: Netzfrequenz: 0 Hz | 50 Hz | 60 Hz. Vielseitiger Anwendungsbereich durch Ausgangsleistungen von bis zu 75 W. Versorgungsspannung: 220\u2026240 V. Verf\u00fcgbar mit Ausgangsstrombereich: bis zu 1.400 mA. SELV-System. . Produktvorteile: Flexible Stromeinstellung (DIPswitch &#8211; 4 Str\u00f6me). Lebensdauer: bis zu 100.000 h (bei T c = 65 \u00b0C, max. 10 % Ausfallrate). Hohe Effizienz. Hohe Lichtqualit\u00e4t dank geringem Ausgangsrippelstrom (Stromwelligkeit). \u00dcberlast-, \u00dcbertemperatur-, Hot Plug-Schutz. . Anwendungsgebiete: Lineare Lichtl\u00f6sungen f\u00fcr B\u00fcros, Bildungsst\u00e4tten, Industriegeb\u00e4ude, Lagerbereiche und Retail. Einbau in Notbeleuchtungsanlagen gem\u00e4\u00df IEC 61347-2-13, Anhang J. Geeignet f\u00fcr Leuchten der Schutzklasse I. .<\/p>\n","protected":false},"excerpt":{"rendered":"<p>Linear \/ Area Konstantstrom \u2013 Nicht dimmbar. Produkteigenschaften: Netzfrequenz: 0 Hz | 50 Hz | 60 Hz. Vielseitiger Anwendungsbereich durch Ausgangsleistungen von bis zu 75 W. Versorgungsspannung: 220\u2026240 V. Verf\u00fcgbar mit Ausgangsstrombereich: bis zu 1.400 mA. SELV-System. . Produktvorteile: Flexible<span class=\"excerpt-hellip\"> [\u2026]<\/span><\/p>\n","protected":false},"featured_media":284611,"template":"","meta":[],"product_brand":[],"product_cat":[87021],"product_tag":[],"class_list":{"0":"post-349668","1":"product","2":"type-product","3":"status-publish","4":"has-post-thumbnail","6":"product_cat-led-betriebsgeraet-ledvance","8":"first","9":"instock","10":"taxable","11":"shipping-taxable","12":"product-type-simple"},"_links":{"self":[{"href":"https:\/\/www.arclite-shop.de\/en\/wp-json\/wp\/v2\/product\/349668","targetHints":{"allow":["GET"]}}],"collection":[{"href":"https:\/\/www.arclite-shop.de\/en\/wp-json\/wp\/v2\/product"}],"about":[{"href":"https:\/\/www.arclite-shop.de\/en\/wp-json\/wp\/v2\/types\/product"}],"wp:featuredmedia":[{"embeddable":true,"href":"https:\/\/www.arclite-shop.de\/en\/wp-json\/wp\/v2\/media\/284611"}],"wp:attachment":[{"href":"https:\/\/www.arclite-shop.de\/en\/wp-json\/wp\/v2\/media?parent=349668"}],"wp:term":[{"taxonomy":"product_brand","embeddable":true,"href":"https:\/\/www.arclite-shop.de\/en\/wp-json\/wp\/v2\/product_brand?post=349668"},{"taxonomy":"product_cat","embeddable":true,"href":"https:\/\/www.arclite-shop.de\/en\/wp-json\/wp\/v2\/product_cat?post=349668"},{"taxonomy":"product_tag","embeddable":true,"href":"https:\/\/www.arclite-shop.de\/en\/wp-json\/wp\/v2\/product_tag?post=349668"}],"curies":[{"name":"wp","href":"https:\/\/api.w.org\/{rel}","templated":true}]}}