{"id":349664,"date":"2024-10-31T14:07:02","date_gmt":"2024-10-31T13:07:02","guid":{"rendered":"https:\/\/www.arclite-shop.de\/produkt\/02-4052899497900\/"},"modified":"2026-04-18T09:53:54","modified_gmt":"2026-04-18T07:53:54","slug":"02-4052899497900","status":"publish","type":"product","link":"https:\/\/www.arclite-shop.de\/en\/produkt\/02-4052899497900\/","title":{"rendered":"Linear \/ Area Constant Current \u2013 Not Dimmable"},"content":{"rendered":"<p>Linear \/ Area Konstantstrom \u2013 Nicht dimmbar. Produkteigenschaften: Versorgungsspannung: 220\u2026240 V. Netzfrequenz: 0 Hz | 50 Hz | 60 Hz. Netzspannung: 198\u2026264 V. Sicherheit nach EN 61347-1, 61347-2-3, 61347-2-13, 62384. Funkentst\u00f6rung nach EN 55015:2007+A1:2007\/CDN. Netzstromoberwellen nach EN 61000-3-2. Immunit\u00e4t, St\u00f6rfestigkeit nach EN 61547. Lebensdauer: bis zu 100.000 h (bei T c = 65 \u00b0C, max. 10 % Ausfallrate). SELV- und nicht-isolierte Versionen verf\u00fcgbar. Produktvorteile: Vielseitiger Anwendungsbereich durch Ausgangsleistungen von bis zu 80 W. Sicherheitsanforderung durch \u00dcberlast-, \u00dcbertemperatur-, Hot Plug-Schutz. Hohe Effizienz und Zuverl\u00e4ssigkeit. Hohe Lichtqualit\u00e4t dank geringem Ausgangsrippelstrom. Anwendungsgebiete: Einbau in Notbeleuchtungsanlagen gem\u00e4\u00df IEC 61347-2-13, Anhang J. Leuchten mit flexibler Stromeinstellung (Tri-Tap) oder werkseitig fixiertem Strom. Geeignet f\u00fcr Leuchten der Schutzklasse I.<\/p>\n","protected":false},"excerpt":{"rendered":"<p>Linear \/ Area Konstantstrom \u2013 Nicht dimmbar. Produkteigenschaften: Versorgungsspannung: 220\u2026240 V. Netzfrequenz: 0 Hz | 50 Hz | 60 Hz. Netzspannung: 198\u2026264 V. Sicherheit nach EN 61347-1, 61347-2-3, 61347-2-13, 62384. Funkentst\u00f6rung nach EN 55015:2007+A1:2007\/CDN. Netzstromoberwellen nach EN 61000-3-2. Immunit\u00e4t, St\u00f6rfestigkeit<span class=\"excerpt-hellip\"> [\u2026]<\/span><\/p>\n","protected":false},"featured_media":284621,"template":"","meta":[],"product_brand":[],"product_cat":[87021],"product_tag":[],"class_list":{"0":"post-349664","1":"product","2":"type-product","3":"status-publish","4":"has-post-thumbnail","6":"product_cat-led-betriebsgeraet-ledvance","8":"first","9":"instock","10":"taxable","11":"shipping-taxable","12":"product-type-simple"},"_links":{"self":[{"href":"https:\/\/www.arclite-shop.de\/en\/wp-json\/wp\/v2\/product\/349664","targetHints":{"allow":["GET"]}}],"collection":[{"href":"https:\/\/www.arclite-shop.de\/en\/wp-json\/wp\/v2\/product"}],"about":[{"href":"https:\/\/www.arclite-shop.de\/en\/wp-json\/wp\/v2\/types\/product"}],"wp:featuredmedia":[{"embeddable":true,"href":"https:\/\/www.arclite-shop.de\/en\/wp-json\/wp\/v2\/media\/284621"}],"wp:attachment":[{"href":"https:\/\/www.arclite-shop.de\/en\/wp-json\/wp\/v2\/media?parent=349664"}],"wp:term":[{"taxonomy":"product_brand","embeddable":true,"href":"https:\/\/www.arclite-shop.de\/en\/wp-json\/wp\/v2\/product_brand?post=349664"},{"taxonomy":"product_cat","embeddable":true,"href":"https:\/\/www.arclite-shop.de\/en\/wp-json\/wp\/v2\/product_cat?post=349664"},{"taxonomy":"product_tag","embeddable":true,"href":"https:\/\/www.arclite-shop.de\/en\/wp-json\/wp\/v2\/product_tag?post=349664"}],"curies":[{"name":"wp","href":"https:\/\/api.w.org\/{rel}","templated":true}]}}