{"id":349654,"date":"2024-10-31T14:06:55","date_gmt":"2024-10-31T13:06:55","guid":{"rendered":"https:\/\/www.arclite-shop.de\/produkt\/02-4052899259027\/"},"modified":"2026-04-18T09:57:19","modified_gmt":"2026-04-18T07:57:19","slug":"02-4052899259027","status":"publish","type":"product","link":"https:\/\/www.arclite-shop.de\/en\/produkt\/02-4052899259027\/","title":{"rendered":"Compact Constant Current LED Drivers \u2013 Not Dimmable"},"content":{"rendered":"<p>Kompakte Konstantstrom-LED-Treiber \u2013 Nicht dimmbar. Produkteigenschaften: Verf\u00fcgbar mit unterschiedlicher Leistung: 50 W, 100 W, 180 W, 250 W. Eingangsspannung: 120\u2026277 V. Ausgangsstrom: 700 mA. \u00dcbertemperatur-Schutz. Produktvorteile: Hoher \u00dcberspannungsschutz: bis zu 6 kV (L-N) \/ 6 kV (L\/N-PE). Hohe Effizienz und Zuverl\u00e4ssigkeit. Gro\u00dfe Flexibilit\u00e4t durch breiten Betriebstemperaturbereich von -40\u202650 \u00b0C oder 55 \u00b0C. Hoher IP Schutz (IP65). Anwendungsgebiete: Stra\u00dfen- und Stadtbeleuchtung. Industrie. Geeignet f\u00fcr Leuchten der Schutzklasse I.<\/p>\n","protected":false},"excerpt":{"rendered":"<p>Kompakte Konstantstrom-LED-Treiber \u2013 Nicht dimmbar. Produkteigenschaften: Verf\u00fcgbar mit unterschiedlicher Leistung: 50 W, 100 W, 180 W, 250 W. Eingangsspannung: 120\u2026277 V. Ausgangsstrom: 700 mA. \u00dcbertemperatur-Schutz. Produktvorteile: Hoher \u00dcberspannungsschutz: bis zu 6 kV (L-N) \/ 6 kV (L\/N-PE). Hohe Effizienz und<span class=\"excerpt-hellip\"> [\u2026]<\/span><\/p>\n","protected":false},"featured_media":367296,"template":"","meta":[],"product_brand":[],"product_cat":[87021],"product_tag":[],"class_list":{"0":"post-349654","1":"product","2":"type-product","3":"status-publish","4":"has-post-thumbnail","6":"product_cat-led-betriebsgeraet-ledvance","8":"first","9":"instock","10":"taxable","11":"shipping-taxable","12":"product-type-simple"},"_links":{"self":[{"href":"https:\/\/www.arclite-shop.de\/en\/wp-json\/wp\/v2\/product\/349654","targetHints":{"allow":["GET"]}}],"collection":[{"href":"https:\/\/www.arclite-shop.de\/en\/wp-json\/wp\/v2\/product"}],"about":[{"href":"https:\/\/www.arclite-shop.de\/en\/wp-json\/wp\/v2\/types\/product"}],"wp:featuredmedia":[{"embeddable":true,"href":"https:\/\/www.arclite-shop.de\/en\/wp-json\/wp\/v2\/media\/367296"}],"wp:attachment":[{"href":"https:\/\/www.arclite-shop.de\/en\/wp-json\/wp\/v2\/media?parent=349654"}],"wp:term":[{"taxonomy":"product_brand","embeddable":true,"href":"https:\/\/www.arclite-shop.de\/en\/wp-json\/wp\/v2\/product_brand?post=349654"},{"taxonomy":"product_cat","embeddable":true,"href":"https:\/\/www.arclite-shop.de\/en\/wp-json\/wp\/v2\/product_cat?post=349654"},{"taxonomy":"product_tag","embeddable":true,"href":"https:\/\/www.arclite-shop.de\/en\/wp-json\/wp\/v2\/product_tag?post=349654"}],"curies":[{"name":"wp","href":"https:\/\/api.w.org\/{rel}","templated":true}]}}