{"id":349652,"date":"2024-10-31T14:06:54","date_gmt":"2024-10-31T13:06:54","guid":{"rendered":"https:\/\/www.arclite-shop.de\/produkt\/02-4052899230491\/"},"modified":"2026-04-18T09:57:28","modified_gmt":"2026-04-18T07:57:28","slug":"02-4052899230491","status":"publish","type":"product","link":"https:\/\/www.arclite-shop.de\/en\/produkt\/02-4052899230491\/","title":{"rendered":"DALI Sensor Coupler for External Sensors"},"content":{"rendered":"<p>DALI Sensorkoppler f\u00fcr externe Sensoren. Produkteigenschaften: Geeignet zur tageslichtabh\u00e4ngigen Regelung. Produktvorteile: Kleine Geh\u00e4useform. Anwendungsgebiete: Anbindung von Licht- und Pr\u00e4senzsensorik in DALI-Systeme. Deckeneinbau oder unabh\u00e4ngige Montage \u00fcber ECO CI KIT m\u00f6glich. F\u00fcr externe Licht- und Pr\u00e4senzsensoren geeignet. Einbau in Industrie- und B\u00fcroleuchten. Flure. Lagerh\u00e4user. Technische Ausstattung: Unabh\u00e4ngige Montage mittels ECO CI KIT m\u00f6glich.<\/p>\n","protected":false},"excerpt":{"rendered":"<p>DALI Sensorkoppler f\u00fcr externe Sensoren. Produkteigenschaften: Geeignet zur tageslichtabh\u00e4ngigen Regelung. Produktvorteile: Kleine Geh\u00e4useform. Anwendungsgebiete: Anbindung von Licht- und Pr\u00e4senzsensorik in DALI-Systeme. Deckeneinbau oder unabh\u00e4ngige Montage \u00fcber ECO CI KIT m\u00f6glich. F\u00fcr externe Licht- und Pr\u00e4senzsensoren geeignet. Einbau in Industrie- und<span class=\"excerpt-hellip\"> [\u2026]<\/span><\/p>\n","protected":false},"featured_media":340144,"template":"","meta":[],"product_brand":[],"product_cat":[87015],"product_tag":[],"class_list":{"0":"post-349652","1":"product","2":"type-product","3":"status-publish","4":"has-post-thumbnail","6":"product_cat-lichtregelsystemkomponente-ledvance","8":"first","9":"instock","10":"taxable","11":"shipping-taxable","12":"product-type-simple"},"_links":{"self":[{"href":"https:\/\/www.arclite-shop.de\/en\/wp-json\/wp\/v2\/product\/349652","targetHints":{"allow":["GET"]}}],"collection":[{"href":"https:\/\/www.arclite-shop.de\/en\/wp-json\/wp\/v2\/product"}],"about":[{"href":"https:\/\/www.arclite-shop.de\/en\/wp-json\/wp\/v2\/types\/product"}],"wp:featuredmedia":[{"embeddable":true,"href":"https:\/\/www.arclite-shop.de\/en\/wp-json\/wp\/v2\/media\/340144"}],"wp:attachment":[{"href":"https:\/\/www.arclite-shop.de\/en\/wp-json\/wp\/v2\/media?parent=349652"}],"wp:term":[{"taxonomy":"product_brand","embeddable":true,"href":"https:\/\/www.arclite-shop.de\/en\/wp-json\/wp\/v2\/product_brand?post=349652"},{"taxonomy":"product_cat","embeddable":true,"href":"https:\/\/www.arclite-shop.de\/en\/wp-json\/wp\/v2\/product_cat?post=349652"},{"taxonomy":"product_tag","embeddable":true,"href":"https:\/\/www.arclite-shop.de\/en\/wp-json\/wp\/v2\/product_tag?post=349652"}],"curies":[{"name":"wp","href":"https:\/\/api.w.org\/{rel}","templated":true}]}}