{"id":349648,"date":"2024-10-31T14:06:52","date_gmt":"2024-10-31T13:06:52","guid":{"rendered":"https:\/\/www.arclite-shop.de\/produkt\/02-4052899077904\/"},"modified":"2026-04-18T09:59:25","modified_gmt":"2026-04-18T07:59:25","slug":"02-4052899077904","status":"publish","type":"product","link":"https:\/\/www.arclite-shop.de\/en\/produkt\/02-4052899077904\/","title":{"rendered":"Driver accessories"},"content":{"rendered":"<p>Driver accessories. Produkteigenschaften: Einfach zu installierende und flexible Kabelklemmen. Separate Kabelklemmen f\u00fcr Prim\u00e4r- und Sekund\u00e4rseite. Vormontierte, unverlierbare Schrauben. Durchgangsverdrahtung (TL-Version). Produktvorteile: Einfache und schnelle Befestigung der Kabel. Ausreichend Platz zur Kabelverbindung. Kosteng\u00fcnstige und platzsparende L\u00f6sung (TL-Version). Freier Kabelanschlu\u00df durch offen stehende Deckel. Sofortige Installation dank vorkonfektionierten Kabelklemmen. Anwendungsgebiete: Downlights, flache Leuchten. Geeignet f\u00fcr unterschiedliche Kabeltypen. Geeignet f\u00fcr Installationen im Innenbereich.<\/p>\n","protected":false},"excerpt":{"rendered":"<p>Driver accessories. Produkteigenschaften: Einfach zu installierende und flexible Kabelklemmen. Separate Kabelklemmen f\u00fcr Prim\u00e4r- und Sekund\u00e4rseite. Vormontierte, unverlierbare Schrauben. Durchgangsverdrahtung (TL-Version). Produktvorteile: Einfache und schnelle Befestigung der Kabel. Ausreichend Platz zur Kabelverbindung. Kosteng\u00fcnstige und platzsparende L\u00f6sung (TL-Version). Freier Kabelanschlu\u00df durch offen<span class=\"excerpt-hellip\"> [\u2026]<\/span><\/p>\n","protected":false},"featured_media":340149,"template":"","meta":[],"product_brand":[],"product_cat":[87020],"product_tag":[],"class_list":{"0":"post-349648","1":"product","2":"type-product","3":"status-publish","4":"has-post-thumbnail","6":"product_cat-zubehoer-ersatzteile-fuer-vorschaltgeraet","8":"first","9":"instock","10":"taxable","11":"shipping-taxable","12":"product-type-simple"},"_links":{"self":[{"href":"https:\/\/www.arclite-shop.de\/en\/wp-json\/wp\/v2\/product\/349648","targetHints":{"allow":["GET"]}}],"collection":[{"href":"https:\/\/www.arclite-shop.de\/en\/wp-json\/wp\/v2\/product"}],"about":[{"href":"https:\/\/www.arclite-shop.de\/en\/wp-json\/wp\/v2\/types\/product"}],"wp:featuredmedia":[{"embeddable":true,"href":"https:\/\/www.arclite-shop.de\/en\/wp-json\/wp\/v2\/media\/340149"}],"wp:attachment":[{"href":"https:\/\/www.arclite-shop.de\/en\/wp-json\/wp\/v2\/media?parent=349648"}],"wp:term":[{"taxonomy":"product_brand","embeddable":true,"href":"https:\/\/www.arclite-shop.de\/en\/wp-json\/wp\/v2\/product_brand?post=349648"},{"taxonomy":"product_cat","embeddable":true,"href":"https:\/\/www.arclite-shop.de\/en\/wp-json\/wp\/v2\/product_cat?post=349648"},{"taxonomy":"product_tag","embeddable":true,"href":"https:\/\/www.arclite-shop.de\/en\/wp-json\/wp\/v2\/product_tag?post=349648"}],"curies":[{"name":"wp","href":"https:\/\/api.w.org\/{rel}","templated":true}]}}