{"id":349644,"date":"2024-10-31T14:06:49","date_gmt":"2024-10-31T13:06:49","guid":{"rendered":"https:\/\/www.arclite-shop.de\/produkt\/02-4050300209920\/"},"modified":"2026-04-18T10:00:22","modified_gmt":"2026-04-18T08:00:22","slug":"02-4050300209920","status":"publish","type":"product","link":"https:\/\/www.arclite-shop.de\/en\/produkt\/02-4050300209920\/","title":{"rendered":"Double-sided halogen lamps in rod form"},"content":{"rendered":"<p>Zweiseitig gesockelte Halogenlampen in Stabform. Produkteigenschaften: Mittlere Lebensdauer: 2.000 h. 100 % dimmbar. Farbwiedergabeindex Ra: 100. Farbtemperatur: 3.000 K. Brennstellung: p15. Produktvorteile: Brillantes Akzentlicht. Betrieb ohne Trafo. Enth\u00e4lt kein Quecksilber. Anwendungsgebiete: Ideal zur Betonung und Akzentuierung von Geb\u00e4uden. Allgemeinbeleuchtung. Eingangsbeleuchtung. Wegebeleuchtung. Gartenbeleuchtung. Befahrene Bereiche. Gesch\u00e4fte. Gastst\u00e4tten, Hotels und \u00e4hnliche repr\u00e4sentative Anwendungen. Au\u00dfenanwendungen nur in geeigneten Leuchten.<\/p>\n","protected":false},"excerpt":{"rendered":"<p>Zweiseitig gesockelte Halogenlampen in Stabform. Produkteigenschaften: Mittlere Lebensdauer: 2.000 h. 100 % dimmbar. Farbwiedergabeindex Ra: 100. Farbtemperatur: 3.000 K. Brennstellung: p15. Produktvorteile: Brillantes Akzentlicht. Betrieb ohne Trafo. Enth\u00e4lt kein Quecksilber. Anwendungsgebiete: Ideal zur Betonung und Akzentuierung von Geb\u00e4uden. Allgemeinbeleuchtung. Eingangsbeleuchtung.<span class=\"excerpt-hellip\"> [\u2026]<\/span><\/p>\n","protected":false},"featured_media":367304,"template":"","meta":[],"product_brand":[],"product_cat":[87018],"product_tag":[],"class_list":{"0":"post-349644","1":"product","2":"type-product","3":"status-publish","4":"has-post-thumbnail","6":"product_cat-hochvolt-halogenlampe-ohne-reflektor","8":"first","9":"instock","10":"taxable","11":"shipping-taxable","12":"product-type-simple"},"_links":{"self":[{"href":"https:\/\/www.arclite-shop.de\/en\/wp-json\/wp\/v2\/product\/349644","targetHints":{"allow":["GET"]}}],"collection":[{"href":"https:\/\/www.arclite-shop.de\/en\/wp-json\/wp\/v2\/product"}],"about":[{"href":"https:\/\/www.arclite-shop.de\/en\/wp-json\/wp\/v2\/types\/product"}],"wp:featuredmedia":[{"embeddable":true,"href":"https:\/\/www.arclite-shop.de\/en\/wp-json\/wp\/v2\/media\/367304"}],"wp:attachment":[{"href":"https:\/\/www.arclite-shop.de\/en\/wp-json\/wp\/v2\/media?parent=349644"}],"wp:term":[{"taxonomy":"product_brand","embeddable":true,"href":"https:\/\/www.arclite-shop.de\/en\/wp-json\/wp\/v2\/product_brand?post=349644"},{"taxonomy":"product_cat","embeddable":true,"href":"https:\/\/www.arclite-shop.de\/en\/wp-json\/wp\/v2\/product_cat?post=349644"},{"taxonomy":"product_tag","embeddable":true,"href":"https:\/\/www.arclite-shop.de\/en\/wp-json\/wp\/v2\/product_tag?post=349644"}],"curies":[{"name":"wp","href":"https:\/\/api.w.org\/{rel}","templated":true}]}}