{"id":349639,"date":"2024-10-31T14:06:44","date_gmt":"2024-10-31T13:06:44","guid":{"rendered":"https:\/\/www.arclite-shop.de\/produkt\/02-4008321392091\/"},"modified":"2026-04-18T10:01:43","modified_gmt":"2026-04-18T08:01:43","slug":"02-4008321392091","status":"publish","type":"product","link":"https:\/\/www.arclite-shop.de\/en\/produkt\/02-4008321392091\/","title":{"rendered":"Mounting kits for independent installation of LMS control units"},"content":{"rendered":"<p>Montagekits f\u00fcr unabh\u00e4ngige Installation von LMS-Steuereinheiten. Produkteigenschaften: Zugentlastung f\u00fcr unabh\u00e4ngige Montage. Anwendungsgebiete: Geeignet f\u00fcr alle OSRAM-Steuerger\u00e4te mit den Abmessungen 118 mm x 30 mm x 21 mm.<\/p>\n","protected":false},"excerpt":{"rendered":"<p>Montagekits f\u00fcr unabh\u00e4ngige Installation von LMS-Steuereinheiten. Produkteigenschaften: Zugentlastung f\u00fcr unabh\u00e4ngige Montage. Anwendungsgebiete: Geeignet f\u00fcr alle OSRAM-Steuerger\u00e4te mit den Abmessungen 118 mm x 30 mm x 21 mm.<\/p>\n","protected":false},"featured_media":367308,"template":"","meta":[],"product_brand":[],"product_cat":[87015],"product_tag":[],"class_list":{"0":"post-349639","1":"product","2":"type-product","3":"status-publish","4":"has-post-thumbnail","6":"product_cat-lichtregelsystemkomponente-ledvance","8":"first","9":"instock","10":"taxable","11":"shipping-taxable","12":"product-type-simple"},"_links":{"self":[{"href":"https:\/\/www.arclite-shop.de\/en\/wp-json\/wp\/v2\/product\/349639","targetHints":{"allow":["GET"]}}],"collection":[{"href":"https:\/\/www.arclite-shop.de\/en\/wp-json\/wp\/v2\/product"}],"about":[{"href":"https:\/\/www.arclite-shop.de\/en\/wp-json\/wp\/v2\/types\/product"}],"wp:featuredmedia":[{"embeddable":true,"href":"https:\/\/www.arclite-shop.de\/en\/wp-json\/wp\/v2\/media\/367308"}],"wp:attachment":[{"href":"https:\/\/www.arclite-shop.de\/en\/wp-json\/wp\/v2\/media?parent=349639"}],"wp:term":[{"taxonomy":"product_brand","embeddable":true,"href":"https:\/\/www.arclite-shop.de\/en\/wp-json\/wp\/v2\/product_brand?post=349639"},{"taxonomy":"product_cat","embeddable":true,"href":"https:\/\/www.arclite-shop.de\/en\/wp-json\/wp\/v2\/product_cat?post=349639"},{"taxonomy":"product_tag","embeddable":true,"href":"https:\/\/www.arclite-shop.de\/en\/wp-json\/wp\/v2\/product_tag?post=349639"}],"curies":[{"name":"wp","href":"https:\/\/api.w.org\/{rel}","templated":true}]}}