{"id":349541,"date":"2024-10-31T13:59:11","date_gmt":"2024-10-31T12:59:11","guid":{"rendered":"https:\/\/www.arclite-shop.de\/produkt\/03-95228500\/"},"modified":"2026-04-18T10:02:22","modified_gmt":"2026-04-18T08:02:22","slug":"03-95228500","status":"publish","type":"product","link":"https:\/\/www.arclite-shop.de\/en\/produkt\/03-95228500\/","title":{"rendered":"Ballast - HF-PERFORMER III for TL5 lamps"},"content":{"rendered":"<p>Der HF-Performer III ist ein robustes und kompaktes elektronisches Hochfrequenz-Vorschaltger\u00e4t. Diese \u00fcberaus effiziente und flexible L\u00f6sung f\u00fcr MASTER TL5 eignet sich insbesondere f\u00fcr Anwendungen, in denen eine hohe Energieeffizienz erforderlich ist. Sie kann aber auch in Bereichen zum Einsatz kommen, wo die Beleuchtung ein komfortables Ambiente erzeugen soll oder in denen flackerfreies Licht ben\u00f6tigt wird.<\/p>\n","protected":false},"excerpt":{"rendered":"<p>Der HF-Performer III ist ein robustes und kompaktes elektronisches Hochfrequenz-Vorschaltger\u00e4t. Diese \u00fcberaus effiziente und flexible L\u00f6sung f\u00fcr MASTER TL5 eignet sich insbesondere f\u00fcr Anwendungen, in denen eine hohe Energieeffizienz erforderlich ist. Sie kann aber auch in Bereichen zum Einsatz kommen,<span class=\"excerpt-hellip\"> [\u2026]<\/span><\/p>\n","protected":false},"featured_media":367326,"template":"","meta":[],"product_brand":[],"product_cat":[84437],"product_tag":[],"class_list":{"0":"post-349541","1":"product","2":"type-product","3":"status-publish","4":"has-post-thumbnail","6":"product_cat-vorschaltgeraet-signify","8":"first","9":"instock","10":"taxable","11":"shipping-taxable","12":"product-type-simple"},"_links":{"self":[{"href":"https:\/\/www.arclite-shop.de\/en\/wp-json\/wp\/v2\/product\/349541","targetHints":{"allow":["GET"]}}],"collection":[{"href":"https:\/\/www.arclite-shop.de\/en\/wp-json\/wp\/v2\/product"}],"about":[{"href":"https:\/\/www.arclite-shop.de\/en\/wp-json\/wp\/v2\/types\/product"}],"wp:featuredmedia":[{"embeddable":true,"href":"https:\/\/www.arclite-shop.de\/en\/wp-json\/wp\/v2\/media\/367326"}],"wp:attachment":[{"href":"https:\/\/www.arclite-shop.de\/en\/wp-json\/wp\/v2\/media?parent=349541"}],"wp:term":[{"taxonomy":"product_brand","embeddable":true,"href":"https:\/\/www.arclite-shop.de\/en\/wp-json\/wp\/v2\/product_brand?post=349541"},{"taxonomy":"product_cat","embeddable":true,"href":"https:\/\/www.arclite-shop.de\/en\/wp-json\/wp\/v2\/product_cat?post=349541"},{"taxonomy":"product_tag","embeddable":true,"href":"https:\/\/www.arclite-shop.de\/en\/wp-json\/wp\/v2\/product_tag?post=349541"}],"curies":[{"name":"wp","href":"https:\/\/api.w.org\/{rel}","templated":true}]}}