{"id":349510,"date":"2024-10-31T13:58:56","date_gmt":"2024-10-31T12:58:56","guid":{"rendered":"https:\/\/www.arclite-shop.de\/produkt\/03-23312100\/"},"modified":"2026-04-18T10:04:12","modified_gmt":"2026-04-18T08:04:12","slug":"03-23312100","status":"publish","type":"product","link":"https:\/\/www.arclite-shop.de\/en\/produkt\/03-23312100\/","title":{"rendered":"Ballast - AspiraVision Compact for CDM"},"content":{"rendered":"<p>HID-AspiraVision ist das neue, innovativste elektronische MultiWatt Vorschaltger\u00e4t f\u00fcr CDM-Lampen. Die k\u00fcrzlich erg\u00e4nzte Umschaltfunktion bietet ein H\u00f6chstma\u00df an Flexibilit\u00e4t, da das Betriebsger\u00e4t jetzt auf drei unterschiedliche Lampen-Leistungen eingestellt werden kann. Dank der intelligenten SOFT START-Funktion k\u00f6nnen mehr Leuchten an einem Sicherungsautomaten betrieben werden als bisher.<\/p>\n","protected":false},"excerpt":{"rendered":"<p>HID-AspiraVision ist das neue, innovativste elektronische MultiWatt Vorschaltger\u00e4t f\u00fcr CDM-Lampen. Die k\u00fcrzlich erg\u00e4nzte Umschaltfunktion bietet ein H\u00f6chstma\u00df an Flexibilit\u00e4t, da das Betriebsger\u00e4t jetzt auf drei unterschiedliche Lampen-Leistungen eingestellt werden kann. Dank der intelligenten SOFT START-Funktion k\u00f6nnen mehr Leuchten an einem<span class=\"excerpt-hellip\"> [\u2026]<\/span><\/p>\n","protected":false},"featured_media":367354,"template":"","meta":[],"product_brand":[],"product_cat":[84437],"product_tag":[],"class_list":{"0":"post-349510","1":"product","2":"type-product","3":"status-publish","4":"has-post-thumbnail","6":"product_cat-vorschaltgeraet-signify","8":"first","9":"outofstock","10":"taxable","11":"shipping-taxable","12":"product-type-simple"},"_links":{"self":[{"href":"https:\/\/www.arclite-shop.de\/en\/wp-json\/wp\/v2\/product\/349510","targetHints":{"allow":["GET"]}}],"collection":[{"href":"https:\/\/www.arclite-shop.de\/en\/wp-json\/wp\/v2\/product"}],"about":[{"href":"https:\/\/www.arclite-shop.de\/en\/wp-json\/wp\/v2\/types\/product"}],"wp:featuredmedia":[{"embeddable":true,"href":"https:\/\/www.arclite-shop.de\/en\/wp-json\/wp\/v2\/media\/367354"}],"wp:attachment":[{"href":"https:\/\/www.arclite-shop.de\/en\/wp-json\/wp\/v2\/media?parent=349510"}],"wp:term":[{"taxonomy":"product_brand","embeddable":true,"href":"https:\/\/www.arclite-shop.de\/en\/wp-json\/wp\/v2\/product_brand?post=349510"},{"taxonomy":"product_cat","embeddable":true,"href":"https:\/\/www.arclite-shop.de\/en\/wp-json\/wp\/v2\/product_cat?post=349510"},{"taxonomy":"product_tag","embeddable":true,"href":"https:\/\/www.arclite-shop.de\/en\/wp-json\/wp\/v2\/product_tag?post=349510"}],"curies":[{"name":"wp","href":"https:\/\/api.w.org\/{rel}","templated":true}]}}