{"id":349495,"date":"2024-10-31T13:58:49","date_gmt":"2024-10-31T12:58:49","guid":{"rendered":"https:\/\/www.arclite-shop.de\/produkt\/03-85962100\/"},"modified":"2026-04-18T10:05:07","modified_gmt":"2026-04-18T08:05:07","slug":"03-85962100","status":"publish","type":"product","link":"https:\/\/www.arclite-shop.de\/en\/produkt\/03-85962100\/","title":{"rendered":"Ballast - PrimaVision Compact for CDM"},"content":{"rendered":"<p>Das HID-PV Compact ist ein hochwertiges, kompaktes elektronisches Vorschaltger\u00e4t f\u00fcr den optimalen und zuverl\u00e4ssigen Betrieb von CDM-Lampen. Diese kompakten und leichten Ger\u00e4te lassen sich schnell und einfach installieren, so dass weniger Betriebsunterbrechungen auftreten und geringere Installationskosten anfallen.<\/p>\n","protected":false},"excerpt":{"rendered":"<p>Das HID-PV Compact ist ein hochwertiges, kompaktes elektronisches Vorschaltger\u00e4t f\u00fcr den optimalen und zuverl\u00e4ssigen Betrieb von CDM-Lampen. Diese kompakten und leichten Ger\u00e4te lassen sich schnell und einfach installieren, so dass weniger Betriebsunterbrechungen auftreten und geringere Installationskosten anfallen.<\/p>\n","protected":false},"featured_media":367362,"template":"","meta":[],"product_brand":[],"product_cat":[84437],"product_tag":[],"class_list":{"0":"post-349495","1":"product","2":"type-product","3":"status-publish","4":"has-post-thumbnail","6":"product_cat-vorschaltgeraet-signify","8":"first","9":"outofstock","10":"taxable","11":"shipping-taxable","12":"product-type-simple"},"_links":{"self":[{"href":"https:\/\/www.arclite-shop.de\/en\/wp-json\/wp\/v2\/product\/349495","targetHints":{"allow":["GET"]}}],"collection":[{"href":"https:\/\/www.arclite-shop.de\/en\/wp-json\/wp\/v2\/product"}],"about":[{"href":"https:\/\/www.arclite-shop.de\/en\/wp-json\/wp\/v2\/types\/product"}],"wp:featuredmedia":[{"embeddable":true,"href":"https:\/\/www.arclite-shop.de\/en\/wp-json\/wp\/v2\/media\/367362"}],"wp:attachment":[{"href":"https:\/\/www.arclite-shop.de\/en\/wp-json\/wp\/v2\/media?parent=349495"}],"wp:term":[{"taxonomy":"product_brand","embeddable":true,"href":"https:\/\/www.arclite-shop.de\/en\/wp-json\/wp\/v2\/product_brand?post=349495"},{"taxonomy":"product_cat","embeddable":true,"href":"https:\/\/www.arclite-shop.de\/en\/wp-json\/wp\/v2\/product_cat?post=349495"},{"taxonomy":"product_tag","embeddable":true,"href":"https:\/\/www.arclite-shop.de\/en\/wp-json\/wp\/v2\/product_tag?post=349495"}],"curies":[{"name":"wp","href":"https:\/\/api.w.org\/{rel}","templated":true}]}}