{"id":349351,"date":"2024-10-31T13:57:38","date_gmt":"2024-10-31T12:57:38","guid":{"rendered":"https:\/\/www.arclite-shop.de\/produkt\/03-65167300\/"},"modified":"2026-03-07T04:53:24","modified_gmt":"2026-03-07T03:53:24","slug":"03-65167300","status":"publish","type":"product","link":"https:\/\/www.arclite-shop.de\/en\/produkt\/03-65167300\/","title":{"rendered":"MASTERColour CDM-R Elite - Halogen metal halide reflector lamp - System power: 73.2 W - Energy efficiency class: G"},"content":{"rendered":"<p>Die \u00fcberragende Lichtleistung und die ausgezeichnete Farbwiedergabe der MASTERColour CDM-R Elite schaffen die richtige Atmosph\u00e4re f\u00fcr den Kunden und r\u00fccken besonders Waren in Rott\u00f6nen ins rechte Licht. Eine einfache M\u00f6glichkeit, dem Gesch\u00e4ft ein strahlendes Aussehen zu verleihen.<\/p>\n","protected":false},"excerpt":{"rendered":"<p>Die \u00fcberragende Lichtleistung und die ausgezeichnete Farbwiedergabe der MASTERColour CDM-R Elite schaffen die richtige Atmosph\u00e4re f\u00fcr den Kunden und r\u00fccken besonders Waren in Rott\u00f6nen ins rechte Licht. Eine einfache M\u00f6glichkeit, dem Gesch\u00e4ft ein strahlendes Aussehen zu verleihen.<\/p>\n","protected":false},"featured_media":367458,"template":"","meta":[],"product_brand":[],"product_cat":[84320],"product_tag":[],"class_list":{"0":"post-349351","1":"product","2":"type-product","3":"status-publish","4":"has-post-thumbnail","6":"product_cat-halogen-metalldampflampe-mit-reflektor","8":"first","9":"instock","10":"taxable","11":"shipping-taxable","12":"product-type-simple"},"_links":{"self":[{"href":"https:\/\/www.arclite-shop.de\/en\/wp-json\/wp\/v2\/product\/349351","targetHints":{"allow":["GET"]}}],"collection":[{"href":"https:\/\/www.arclite-shop.de\/en\/wp-json\/wp\/v2\/product"}],"about":[{"href":"https:\/\/www.arclite-shop.de\/en\/wp-json\/wp\/v2\/types\/product"}],"wp:featuredmedia":[{"embeddable":true,"href":"https:\/\/www.arclite-shop.de\/en\/wp-json\/wp\/v2\/media\/367458"}],"wp:attachment":[{"href":"https:\/\/www.arclite-shop.de\/en\/wp-json\/wp\/v2\/media?parent=349351"}],"wp:term":[{"taxonomy":"product_brand","embeddable":true,"href":"https:\/\/www.arclite-shop.de\/en\/wp-json\/wp\/v2\/product_brand?post=349351"},{"taxonomy":"product_cat","embeddable":true,"href":"https:\/\/www.arclite-shop.de\/en\/wp-json\/wp\/v2\/product_cat?post=349351"},{"taxonomy":"product_tag","embeddable":true,"href":"https:\/\/www.arclite-shop.de\/en\/wp-json\/wp\/v2\/product_tag?post=349351"}],"curies":[{"name":"wp","href":"https:\/\/api.w.org\/{rel}","templated":true}]}}