{"id":349112,"date":"2024-10-31T13:55:41","date_gmt":"2024-10-31T12:55:41","guid":{"rendered":"https:\/\/www.arclite-shop.de\/produkt\/03-75367200\/"},"modified":"2026-04-18T10:26:06","modified_gmt":"2026-04-18T08:26:06","slug":"03-75367200","status":"publish","type":"product","link":"https:\/\/www.arclite-shop.de\/en\/produkt\/03-75367200\/","title":{"rendered":"Master LED HPI - LED-lamp\/Multi-LED - Energy consumption: 95 W - Energy efficiency class: F - Most similar colour temperature (Nom): 4000 K"},"content":{"rendered":"<p>Philips MASTER \u2013 LED HPI-Lampen bieten Ihnen eine einfache L\u00f6sung mit schneller Amortisation, um HID-Alternativen in Hallen-Anwendungen zu ersetzen. MASTER \u2013 LED HPI-L\u00f6sungen bieten Ihnen auch die Vorteile der Energieeffizienz und der langen Lebensdauer von LED-Beleuchtung und eine lange Nutzlebensdauer mit Nachr\u00fcstoption. Das Design der MASTER \u2013 LED HPI erm\u00f6glicht eine direkte Nachr\u00fcstung von HID-Lampen ohne Wechsel der gesamten Leuchten oder des installierten Vorschaltger\u00e4ts. Die MASTER \u2013 LED HPI-Lampe ist mit Vorschaltger\u00e4ten sowohl mit 250 W als auch 400 W kompatibel, um die Durchf\u00fchrbarkeit solcher Nachr\u00fcstungen zu maximieren. Die intelligente Z\u00fcndlogik verhindert einen Z\u00fcndger\u00e4teausfall und eine fortgesetzte Z\u00fcndung, die zu \u00dcberhitzung und EMI-Risiken f\u00fchren k\u00f6nnen. Mehrere Optionen f\u00fcr den Abstrahlwinkel und ein hoher Farbwiedergabeindex verbessern die Lichtverteilung in Beleuchtungsanwendungen f\u00fcr mittlere und f\u00fcr hohe R\u00e4ume und schaffen gleichzeitig eine komfortable, sichere und hochproduktive Umgebung.<\/p>\n","protected":false},"excerpt":{"rendered":"<p>Philips MASTER \u2013 LED HPI-Lampen bieten Ihnen eine einfache L\u00f6sung mit schneller Amortisation, um HID-Alternativen in Hallen-Anwendungen zu ersetzen. MASTER \u2013 LED HPI-L\u00f6sungen bieten Ihnen auch die Vorteile der Energieeffizienz und der langen Lebensdauer von LED-Beleuchtung und eine lange Nutzlebensdauer<span class=\"excerpt-hellip\"> [\u2026]<\/span><\/p>\n","protected":false},"featured_media":367636,"template":"","meta":[],"product_brand":[],"product_cat":[83758],"product_tag":[],"class_list":{"0":"post-349112","1":"product","2":"type-product","3":"status-publish","4":"has-post-thumbnail","6":"product_cat-led-lampe-multi-led-signify","8":"first","9":"instock","10":"taxable","11":"shipping-taxable","12":"product-type-simple"},"_links":{"self":[{"href":"https:\/\/www.arclite-shop.de\/en\/wp-json\/wp\/v2\/product\/349112","targetHints":{"allow":["GET"]}}],"collection":[{"href":"https:\/\/www.arclite-shop.de\/en\/wp-json\/wp\/v2\/product"}],"about":[{"href":"https:\/\/www.arclite-shop.de\/en\/wp-json\/wp\/v2\/types\/product"}],"wp:featuredmedia":[{"embeddable":true,"href":"https:\/\/www.arclite-shop.de\/en\/wp-json\/wp\/v2\/media\/367636"}],"wp:attachment":[{"href":"https:\/\/www.arclite-shop.de\/en\/wp-json\/wp\/v2\/media?parent=349112"}],"wp:term":[{"taxonomy":"product_brand","embeddable":true,"href":"https:\/\/www.arclite-shop.de\/en\/wp-json\/wp\/v2\/product_brand?post=349112"},{"taxonomy":"product_cat","embeddable":true,"href":"https:\/\/www.arclite-shop.de\/en\/wp-json\/wp\/v2\/product_cat?post=349112"},{"taxonomy":"product_tag","embeddable":true,"href":"https:\/\/www.arclite-shop.de\/en\/wp-json\/wp\/v2\/product_tag?post=349112"}],"curies":[{"name":"wp","href":"https:\/\/api.w.org\/{rel}","templated":true}]}}