{"id":348885,"date":"2024-10-31T13:53:41","date_gmt":"2024-10-31T12:53:41","guid":{"rendered":"https:\/\/www.arclite-shop.de\/produkt\/03-48678200\/"},"modified":"2026-03-07T04:44:32","modified_gmt":"2026-03-07T03:44:32","slug":"03-48678200","status":"publish","type":"product","link":"https:\/\/www.arclite-shop.de\/en\/produkt\/03-48678200\/","title":{"rendered":"CorePro LED PLL - LED-lamp\/Multi-LED - System power: 8 W - Energy efficiency class: E - Most similar colour temperature (nom):  Nom): 4000 K"},"content":{"rendered":"<p>Die CorePro LED PLL Famile ist eine hervorragende LED Alternative f\u00fcr herk\u00f6mmliche konventionelle Kompaktleuchtstofflampen. Die CorePro LED PLL LED  k\u00f6nnen die konventionellen PL-L\/ TC-L Kompaktleuchtstofflampen ersetzen. Sie sind in 2 Versionen erh\u00e4ltlich: f\u00fcr Betrieb am EVG (HF) oder am KVG\/230 (EM\/Mains). Mit dieser innovativen LED-L\u00f6sung k\u00f6nnen Sie hohe Energieeinsparungen im Vergleich zu herk\u00f6mmlichen konventionellen L\u00f6sungen erzielen.<\/p>\n","protected":false},"excerpt":{"rendered":"<p>Die CorePro LED PLL Famile ist eine hervorragende LED Alternative f\u00fcr herk\u00f6mmliche konventionelle Kompaktleuchtstofflampen. Die CorePro LED PLL LED k\u00f6nnen die konventionellen PL-L\/ TC-L Kompaktleuchtstofflampen ersetzen. Sie sind in 2 Versionen erh\u00e4ltlich: f\u00fcr Betrieb am EVG (HF) oder am KVG\/230<span class=\"excerpt-hellip\"> [\u2026]<\/span><\/p>\n","protected":false},"featured_media":367778,"template":"","meta":[],"product_brand":[],"product_cat":[83758],"product_tag":[],"class_list":{"0":"post-348885","1":"product","2":"type-product","3":"status-publish","4":"has-post-thumbnail","6":"product_cat-led-lampe-multi-led-signify","8":"first","9":"instock","10":"taxable","11":"shipping-taxable","12":"product-type-simple"},"_links":{"self":[{"href":"https:\/\/www.arclite-shop.de\/en\/wp-json\/wp\/v2\/product\/348885","targetHints":{"allow":["GET"]}}],"collection":[{"href":"https:\/\/www.arclite-shop.de\/en\/wp-json\/wp\/v2\/product"}],"about":[{"href":"https:\/\/www.arclite-shop.de\/en\/wp-json\/wp\/v2\/types\/product"}],"wp:featuredmedia":[{"embeddable":true,"href":"https:\/\/www.arclite-shop.de\/en\/wp-json\/wp\/v2\/media\/367778"}],"wp:attachment":[{"href":"https:\/\/www.arclite-shop.de\/en\/wp-json\/wp\/v2\/media?parent=348885"}],"wp:term":[{"taxonomy":"product_brand","embeddable":true,"href":"https:\/\/www.arclite-shop.de\/en\/wp-json\/wp\/v2\/product_brand?post=348885"},{"taxonomy":"product_cat","embeddable":true,"href":"https:\/\/www.arclite-shop.de\/en\/wp-json\/wp\/v2\/product_cat?post=348885"},{"taxonomy":"product_tag","embeddable":true,"href":"https:\/\/www.arclite-shop.de\/en\/wp-json\/wp\/v2\/product_tag?post=348885"}],"curies":[{"name":"wp","href":"https:\/\/api.w.org\/{rel}","templated":true}]}}