{"id":347592,"date":"2024-10-31T11:37:15","date_gmt":"2024-10-31T10:37:15","guid":{"rendered":"https:\/\/www.arclite-shop.de\/produkt\/119-ae82623-00-92\/"},"modified":"2026-04-18T10:59:25","modified_gmt":"2026-04-18T08:59:25","slug":"119-ae82623-00-92","status":"publish","type":"product","link":"https:\/\/www.arclite-shop.de\/en\/produkt\/119-ae82623-00-92\/","title":{"rendered":"trackCENTURY 15 - Track spotlight swivel-swivel white  30W 36\u00b0 4000K CRI90 119-AE82623.00.92"},"content":{"rendered":"<p>Topaktueller, schlichter LED-Schienenstrahler im Retail f\u00fcr hohe Anspr\u00fcche. Hochdurchl\u00e4ssiges Schutzglas. Hocheffizienter, segmentierter Reflektor. Drehbereich 355\u00b0. Schwenkbereich 90\u00b0. Farbtoleranz 2 SDCM. Lichtstromr\u00fcckgang nach 50.000h L80\/B20. Farbtoleranz 3 SDCM. Universeller Schienenadapter. Integriertes, nicht dimmbares Betriebsger\u00e4t. 5 Jahre Garantie. <\/p>\n","protected":false},"excerpt":{"rendered":"<p>Topaktueller, schlichter LED-Schienenstrahler im Retail f\u00fcr hohe Anspr\u00fcche. Hochdurchl\u00e4ssiges Schutzglas. Hocheffizienter, segmentierter Reflektor. Drehbereich 355\u00b0. Schwenkbereich 90\u00b0. Farbtoleranz 2 SDCM. Lichtstromr\u00fcckgang nach 50.000h L80\/B20. Farbtoleranz 3 SDCM. Universeller Schienenadapter. Integriertes, nicht dimmbares Betriebsger\u00e4t. 5 Jahre Garantie.<\/p>\n","protected":false},"featured_media":367846,"template":"","meta":[],"product_brand":[],"product_cat":[85769],"product_tag":[],"class_list":{"0":"post-347592","1":"product","2":"type-product","3":"status-publish","4":"has-post-thumbnail","6":"product_cat-schienenstrahler-dreh-schwenkbar","8":"first","9":"instock","10":"taxable","11":"shipping-taxable","12":"product-type-simple"},"_links":{"self":[{"href":"https:\/\/www.arclite-shop.de\/en\/wp-json\/wp\/v2\/product\/347592","targetHints":{"allow":["GET"]}}],"collection":[{"href":"https:\/\/www.arclite-shop.de\/en\/wp-json\/wp\/v2\/product"}],"about":[{"href":"https:\/\/www.arclite-shop.de\/en\/wp-json\/wp\/v2\/types\/product"}],"wp:featuredmedia":[{"embeddable":true,"href":"https:\/\/www.arclite-shop.de\/en\/wp-json\/wp\/v2\/media\/367846"}],"wp:attachment":[{"href":"https:\/\/www.arclite-shop.de\/en\/wp-json\/wp\/v2\/media?parent=347592"}],"wp:term":[{"taxonomy":"product_brand","embeddable":true,"href":"https:\/\/www.arclite-shop.de\/en\/wp-json\/wp\/v2\/product_brand?post=347592"},{"taxonomy":"product_cat","embeddable":true,"href":"https:\/\/www.arclite-shop.de\/en\/wp-json\/wp\/v2\/product_cat?post=347592"},{"taxonomy":"product_tag","embeddable":true,"href":"https:\/\/www.arclite-shop.de\/en\/wp-json\/wp\/v2\/product_tag?post=347592"}],"curies":[{"name":"wp","href":"https:\/\/api.w.org\/{rel}","templated":true}]}}