{"id":347389,"date":"2024-10-31T11:34:45","date_gmt":"2024-10-31T10:34:45","guid":{"rendered":"https:\/\/www.arclite-shop.de\/produkt\/854-aa81280-02-90\/"},"modified":"2026-04-18T11:35:58","modified_gmt":"2026-04-18T09:35:58","slug":"854-aa81280-02-90","status":"publish","type":"product","link":"https:\/\/www.arclite-shop.de\/en\/produkt\/854-aa81280-02-90\/","title":{"rendered":"roundCENTURY 362 - Round recessed luminaires rigid black 8W 36\u00b0  2700K CRI90 854-AA81280.02.90"},"content":{"rendered":"<p>Kleine, universelle LED Einbauleuchte f\u00fcr Einzelhandel und Architektur. Montage direkt in der Isolierungsschicht bis zur Feuchtigkeitssperre. Keine Einbaudose erforderlich, passt in verschiedene Deckenausschnitte 68-83mm. Geh\u00e4use aus Aluminium-Druckguss. Transparente Schutzscheibe aus Glas. Zur\u00fcckgesetzter Reflektor f\u00fcr weniger Blendung. Drehbereich 360\u00b0. Schwenkbereich 30\u00b0. Farbtoleranz &lt; 3 SDCM. Farbverschiebung nach 50.000h 4 SDCM. Lichtstromr\u00fcckgang nach 50.000h L80\/B20. Separates, mittels Phasenabschnitt dimmbares Betriebsger\u00e4t, inkl. Schnellverbinder. 5 Jahre Garantie. <\/p>\n","protected":false},"excerpt":{"rendered":"<p>Kleine, universelle LED Einbauleuchte f\u00fcr Einzelhandel und Architektur. Montage direkt in der Isolierungsschicht bis zur Feuchtigkeitssperre. Keine Einbaudose erforderlich, passt in verschiedene Deckenausschnitte 68-83mm. Geh\u00e4use aus Aluminium-Druckguss. Transparente Schutzscheibe aus Glas. Zur\u00fcckgesetzter Reflektor f\u00fcr weniger Blendung. Drehbereich 360\u00b0. Schwenkbereich 30\u00b0.<span class=\"excerpt-hellip\"> [\u2026]<\/span><\/p>\n","protected":false},"featured_media":367878,"template":"","meta":[],"product_brand":[],"product_cat":[86014],"product_tag":[],"class_list":{"0":"post-347389","1":"product","2":"type-product","3":"status-publish","4":"has-post-thumbnail","6":"product_cat-runde-einbauleuchten-starr","8":"first","9":"instock","10":"taxable","11":"shipping-taxable","12":"product-type-simple"},"_links":{"self":[{"href":"https:\/\/www.arclite-shop.de\/en\/wp-json\/wp\/v2\/product\/347389","targetHints":{"allow":["GET"]}}],"collection":[{"href":"https:\/\/www.arclite-shop.de\/en\/wp-json\/wp\/v2\/product"}],"about":[{"href":"https:\/\/www.arclite-shop.de\/en\/wp-json\/wp\/v2\/types\/product"}],"wp:featuredmedia":[{"embeddable":true,"href":"https:\/\/www.arclite-shop.de\/en\/wp-json\/wp\/v2\/media\/367878"}],"wp:attachment":[{"href":"https:\/\/www.arclite-shop.de\/en\/wp-json\/wp\/v2\/media?parent=347389"}],"wp:term":[{"taxonomy":"product_brand","embeddable":true,"href":"https:\/\/www.arclite-shop.de\/en\/wp-json\/wp\/v2\/product_brand?post=347389"},{"taxonomy":"product_cat","embeddable":true,"href":"https:\/\/www.arclite-shop.de\/en\/wp-json\/wp\/v2\/product_cat?post=347389"},{"taxonomy":"product_tag","embeddable":true,"href":"https:\/\/www.arclite-shop.de\/en\/wp-json\/wp\/v2\/product_tag?post=347389"}],"curies":[{"name":"wp","href":"https:\/\/api.w.org\/{rel}","templated":true}]}}