{"id":347366,"date":"2024-10-31T11:34:27","date_gmt":"2024-10-31T10:34:27","guid":{"rendered":"https:\/\/www.arclite-shop.de\/produkt\/786-ab81698-00-91\/"},"modified":"2026-04-18T11:41:52","modified_gmt":"2026-04-18T09:41:52","slug":"786-ab81698-00-91","status":"publish","type":"product","link":"https:\/\/www.arclite-shop.de\/en\/produkt\/786-ab81698-00-91\/","title":{"rendered":"lineCENTURY 2 L - surface-mounted luminaires linear, rigid white 18W 180\u00b0  3000K CRI80 786-AB81698.00.91"},"content":{"rendered":"<p>Kompakte und unauff\u00e4llige LED Lichtleiste f\u00fcr Regale, Unterschr\u00e4nke, Hinterleuchtungen und Allgemeinbeleuchtung in verschiedenen L\u00e4ngen. Geh\u00e4use aus Polycarbonat. Montagezubeh\u00f6r im Lieferumfang enthalten: 30 cm Verl\u00e4ngerungskabel ; 180cm Netzkabel; Befestigungshalter. Geringe Baugr\u00f6\u00dfe. Integriertes, nicht dimmbares Betriebsger\u00e4t. 3 Jahre Garantie. Netto 2250lm<\/p>\n","protected":false},"excerpt":{"rendered":"<p>Kompakte und unauff\u00e4llige LED Lichtleiste f\u00fcr Regale, Unterschr\u00e4nke, Hinterleuchtungen und Allgemeinbeleuchtung in verschiedenen L\u00e4ngen. Geh\u00e4use aus Polycarbonat. Montagezubeh\u00f6r im Lieferumfang enthalten: 30 cm Verl\u00e4ngerungskabel ; 180cm Netzkabel; Befestigungshalter. Geringe Baugr\u00f6\u00dfe. Integriertes, nicht dimmbares Betriebsger\u00e4t. 3 Jahre Garantie. Netto 2250lm<\/p>\n","protected":false},"featured_media":367918,"template":"","meta":[],"product_brand":[],"product_cat":[86129],"product_tag":[],"class_list":{"0":"post-347366","1":"product","2":"type-product","3":"status-publish","4":"has-post-thumbnail","6":"product_cat-aufbauleuchten","8":"first","9":"instock","10":"taxable","11":"shipping-taxable","12":"product-type-simple"},"_links":{"self":[{"href":"https:\/\/www.arclite-shop.de\/en\/wp-json\/wp\/v2\/product\/347366","targetHints":{"allow":["GET"]}}],"collection":[{"href":"https:\/\/www.arclite-shop.de\/en\/wp-json\/wp\/v2\/product"}],"about":[{"href":"https:\/\/www.arclite-shop.de\/en\/wp-json\/wp\/v2\/types\/product"}],"wp:featuredmedia":[{"embeddable":true,"href":"https:\/\/www.arclite-shop.de\/en\/wp-json\/wp\/v2\/media\/367918"}],"wp:attachment":[{"href":"https:\/\/www.arclite-shop.de\/en\/wp-json\/wp\/v2\/media?parent=347366"}],"wp:term":[{"taxonomy":"product_brand","embeddable":true,"href":"https:\/\/www.arclite-shop.de\/en\/wp-json\/wp\/v2\/product_brand?post=347366"},{"taxonomy":"product_cat","embeddable":true,"href":"https:\/\/www.arclite-shop.de\/en\/wp-json\/wp\/v2\/product_cat?post=347366"},{"taxonomy":"product_tag","embeddable":true,"href":"https:\/\/www.arclite-shop.de\/en\/wp-json\/wp\/v2\/product_tag?post=347366"}],"curies":[{"name":"wp","href":"https:\/\/api.w.org\/{rel}","templated":true}]}}