{"id":347352,"date":"2024-10-31T11:34:16","date_gmt":"2024-10-31T10:34:16","guid":{"rendered":"https:\/\/www.arclite-shop.de\/produkt\/853-aa82781-02-91\/"},"modified":"2026-04-18T11:43:50","modified_gmt":"2026-04-18T09:43:50","slug":"853-aa82781-02-91","status":"publish","type":"product","link":"https:\/\/www.arclite-shop.de\/en\/produkt\/853-aa82781-02-91\/","title":{"rendered":"linetrackCENTURY 33 - Track spotlight linear, rotatable, swivel black 29W\/35W\/43W\/50W 60\u00b0  3000K CRI80 853-AA82781.02.91"},"content":{"rendered":"<p>Hochwertige 3-Ph-Linearleuchte. Geh\u00e4use aus Aluminiumprofil, pulverbeschichtet. 1-reihige hochwertige Linsenoptik. Verschiedene Ausf\u00fchrungen der Ausstrahloptiken, Licht- u. Geh\u00e4usefarben. DALI-Steuerung auf Anfrage. Einstellbare Leistung \u00fcber DIP-Schalter . Farbtoleranz 3 SDCM. Lichtstromr\u00fcckgang nach 55.000h L80\/B10. Integriertes, nicht dimmbares Betriebsger\u00e4t. Diese Leuchte enth\u00e4lt eine Lichtquelle der Energieeffizienzklasse C. 5 Jahre Garantie. Einstellbare Leistung 29W\/35W\/43W\/50W. Bis zu 162 lum\/W<\/p>\n","protected":false},"excerpt":{"rendered":"<p>Hochwertige 3-Ph-Linearleuchte. Geh\u00e4use aus Aluminiumprofil, pulverbeschichtet. 1-reihige hochwertige Linsenoptik. Verschiedene Ausf\u00fchrungen der Ausstrahloptiken, Licht- u. Geh\u00e4usefarben. DALI-Steuerung auf Anfrage. Einstellbare Leistung \u00fcber DIP-Schalter . Farbtoleranz 3 SDCM. Lichtstromr\u00fcckgang nach 55.000h L80\/B10. Integriertes, nicht dimmbares Betriebsger\u00e4t. Diese Leuchte enth\u00e4lt eine Lichtquelle<span class=\"excerpt-hellip\"> [\u2026]<\/span><\/p>\n","protected":false},"featured_media":367932,"template":"","meta":[],"product_brand":[],"product_cat":[92937,86138,86140],"product_tag":[],"class_list":{"0":"post-347352","1":"product","2":"type-product","3":"status-publish","4":"has-post-thumbnail","6":"product_cat-drehbar","7":"product_cat-schienenstrahler-linear","8":"product_cat-schwenkbar","10":"first","11":"instock","12":"taxable","13":"shipping-taxable","14":"product-type-simple"},"_links":{"self":[{"href":"https:\/\/www.arclite-shop.de\/en\/wp-json\/wp\/v2\/product\/347352","targetHints":{"allow":["GET"]}}],"collection":[{"href":"https:\/\/www.arclite-shop.de\/en\/wp-json\/wp\/v2\/product"}],"about":[{"href":"https:\/\/www.arclite-shop.de\/en\/wp-json\/wp\/v2\/types\/product"}],"wp:featuredmedia":[{"embeddable":true,"href":"https:\/\/www.arclite-shop.de\/en\/wp-json\/wp\/v2\/media\/367932"}],"wp:attachment":[{"href":"https:\/\/www.arclite-shop.de\/en\/wp-json\/wp\/v2\/media?parent=347352"}],"wp:term":[{"taxonomy":"product_brand","embeddable":true,"href":"https:\/\/www.arclite-shop.de\/en\/wp-json\/wp\/v2\/product_brand?post=347352"},{"taxonomy":"product_cat","embeddable":true,"href":"https:\/\/www.arclite-shop.de\/en\/wp-json\/wp\/v2\/product_cat?post=347352"},{"taxonomy":"product_tag","embeddable":true,"href":"https:\/\/www.arclite-shop.de\/en\/wp-json\/wp\/v2\/product_tag?post=347352"}],"curies":[{"name":"wp","href":"https:\/\/api.w.org\/{rel}","templated":true}]}}