{"id":347331,"date":"2024-10-31T11:34:00","date_gmt":"2024-10-31T10:34:00","guid":{"rendered":"https:\/\/www.arclite-shop.de\/produkt\/853-aa82779-00-91\/"},"modified":"2026-04-18T11:47:53","modified_gmt":"2026-04-18T09:47:53","slug":"853-aa82779-00-91","status":"publish","type":"product","link":"https:\/\/www.arclite-shop.de\/en\/produkt\/853-aa82779-00-91\/","title":{"rendered":"linetrackCENTURY 3 - Track spotlight linear, rotatable, swivel white 12W\/14W\/16W\/19W 60\u00b0  3000K CRI80 853-AA82779.00.91"},"content":{"rendered":"<p>Hochwertige 3-Ph-Linearleuchte. Geh\u00e4use aus Aluminiumprofil, pulverbeschichtet. 1-reihige hochwertige Linsenoptik. Schwenkbereich 80\u00b0. Verschiedene Ausf\u00fchrungen der Ausstrahloptiken, Licht- u. Geh\u00e4usefarben. Einstellbare Leistung \u00fcber DIP-Schalter . Farbtoleranz 3 SDCM. Lichtstromr\u00fcckgang nach 72.000h L80\/B10 bei ta 25\u00b0C. Integriertes, nicht dimmbares Betriebsger\u00e4t. DALI-Steuerung auf Anfrage. Diese Leuchte enth\u00e4lt eine Lichtquelle der Energieeffizienzklasse C. 5 Jahre Garantie. Einstellbare Leistung 12W\/14W\/16W\/19W. Bis zu 142 lum\/W<\/p>\n","protected":false},"excerpt":{"rendered":"<p>Hochwertige 3-Ph-Linearleuchte. Geh\u00e4use aus Aluminiumprofil, pulverbeschichtet. 1-reihige hochwertige Linsenoptik. Schwenkbereich 80\u00b0. Verschiedene Ausf\u00fchrungen der Ausstrahloptiken, Licht- u. Geh\u00e4usefarben. Einstellbare Leistung \u00fcber DIP-Schalter . Farbtoleranz 3 SDCM. Lichtstromr\u00fcckgang nach 72.000h L80\/B10 bei ta 25\u00b0C. Integriertes, nicht dimmbares Betriebsger\u00e4t. DALI-Steuerung auf Anfrage.<span class=\"excerpt-hellip\"> [\u2026]<\/span><\/p>\n","protected":false},"featured_media":367944,"template":"","meta":[],"product_brand":[],"product_cat":[92937,86138,86140],"product_tag":[],"class_list":{"0":"post-347331","1":"product","2":"type-product","3":"status-publish","4":"has-post-thumbnail","6":"product_cat-drehbar","7":"product_cat-schienenstrahler-linear","8":"product_cat-schwenkbar","10":"first","11":"instock","12":"taxable","13":"shipping-taxable","14":"product-type-simple"},"_links":{"self":[{"href":"https:\/\/www.arclite-shop.de\/en\/wp-json\/wp\/v2\/product\/347331","targetHints":{"allow":["GET"]}}],"collection":[{"href":"https:\/\/www.arclite-shop.de\/en\/wp-json\/wp\/v2\/product"}],"about":[{"href":"https:\/\/www.arclite-shop.de\/en\/wp-json\/wp\/v2\/types\/product"}],"wp:featuredmedia":[{"embeddable":true,"href":"https:\/\/www.arclite-shop.de\/en\/wp-json\/wp\/v2\/media\/367944"}],"wp:attachment":[{"href":"https:\/\/www.arclite-shop.de\/en\/wp-json\/wp\/v2\/media?parent=347331"}],"wp:term":[{"taxonomy":"product_brand","embeddable":true,"href":"https:\/\/www.arclite-shop.de\/en\/wp-json\/wp\/v2\/product_brand?post=347331"},{"taxonomy":"product_cat","embeddable":true,"href":"https:\/\/www.arclite-shop.de\/en\/wp-json\/wp\/v2\/product_cat?post=347331"},{"taxonomy":"product_tag","embeddable":true,"href":"https:\/\/www.arclite-shop.de\/en\/wp-json\/wp\/v2\/product_tag?post=347331"}],"curies":[{"name":"wp","href":"https:\/\/api.w.org\/{rel}","templated":true}]}}