{"id":346308,"date":"2024-10-31T11:17:14","date_gmt":"2024-10-31T10:17:14","guid":{"rendered":"https:\/\/www.arclite-shop.de\/produkt\/476-ae82750-01-94\/"},"modified":"2026-04-18T13:15:06","modified_gmt":"2026-04-18T11:15:06","slug":"476-ae82750-01-94","status":"publish","type":"product","link":"https:\/\/www.arclite-shop.de\/en\/produkt\/476-ae82750-01-94\/","title":{"rendered":"roundCENTURY 90 - Round recessed luminaires rotatable-swing-out silver  16W 15\u00b0 3500K CRI92 476-AE82750.01.94"},"content":{"rendered":"<p>Vielseitig und flexibel einsetzbare LED-Einbauleuchte, ausschwenkbar. Facettierter Reflektor f\u00fcr optimale Lichtverteilung. Klares Schutzglas. Drehbereich 355\u00b0. Ausschwenkbereich 70\u00b0. Farbtoleranz 3 SDCM. Lichtstromr\u00fcckgang nach 50.000h L80\/B20. Geeignet f\u00fcr Deckenst\u00e4rke 1 &#8211; 25 mm. Separates, nicht dimmbares Betriebsger\u00e4t. . <\/p>\n","protected":false},"excerpt":{"rendered":"<p>Vielseitig und flexibel einsetzbare LED-Einbauleuchte, ausschwenkbar. Facettierter Reflektor f\u00fcr optimale Lichtverteilung. Klares Schutzglas. Drehbereich 355\u00b0. Ausschwenkbereich 70\u00b0. Farbtoleranz 3 SDCM. Lichtstromr\u00fcckgang nach 50.000h L80\/B20. Geeignet f\u00fcr Deckenst\u00e4rke 1 &#8211; 25 mm. Separates, nicht dimmbares Betriebsger\u00e4t. .<\/p>\n","protected":false},"featured_media":367974,"template":"","meta":[],"product_brand":[],"product_cat":[85643],"product_tag":[],"class_list":{"0":"post-346308","1":"product","2":"type-product","3":"status-publish","4":"has-post-thumbnail","6":"product_cat-runde-einbauleuchten-dreh-ausschwenkbar","8":"first","9":"instock","10":"taxable","11":"shipping-taxable","12":"product-type-simple"},"_links":{"self":[{"href":"https:\/\/www.arclite-shop.de\/en\/wp-json\/wp\/v2\/product\/346308","targetHints":{"allow":["GET"]}}],"collection":[{"href":"https:\/\/www.arclite-shop.de\/en\/wp-json\/wp\/v2\/product"}],"about":[{"href":"https:\/\/www.arclite-shop.de\/en\/wp-json\/wp\/v2\/types\/product"}],"wp:featuredmedia":[{"embeddable":true,"href":"https:\/\/www.arclite-shop.de\/en\/wp-json\/wp\/v2\/media\/367974"}],"wp:attachment":[{"href":"https:\/\/www.arclite-shop.de\/en\/wp-json\/wp\/v2\/media?parent=346308"}],"wp:term":[{"taxonomy":"product_brand","embeddable":true,"href":"https:\/\/www.arclite-shop.de\/en\/wp-json\/wp\/v2\/product_brand?post=346308"},{"taxonomy":"product_cat","embeddable":true,"href":"https:\/\/www.arclite-shop.de\/en\/wp-json\/wp\/v2\/product_cat?post=346308"},{"taxonomy":"product_tag","embeddable":true,"href":"https:\/\/www.arclite-shop.de\/en\/wp-json\/wp\/v2\/product_tag?post=346308"}],"curies":[{"name":"wp","href":"https:\/\/api.w.org\/{rel}","templated":true}]}}