{"id":346194,"date":"2024-10-31T11:15:49","date_gmt":"2024-10-31T10:15:49","guid":{"rendered":"https:\/\/www.arclite-shop.de\/produkt\/476-ae81206-01-90\/"},"modified":"2026-03-07T07:34:00","modified_gmt":"2026-03-07T06:34:00","slug":"476-ae81206-01-90","status":"publish","type":"product","link":"https:\/\/www.arclite-shop.de\/en\/produkt\/476-ae81206-01-90\/","title":{"rendered":"roundCENTURY 119 M - Round recessed luminaires rotary-swing-out silver  14W 49\u00b0 2700K CRI92 476-AE81206.01.90"},"content":{"rendered":"<p>DER Retail-Klassiker in klein: vielseitig einsetzbar, auch f\u00fcr die Beleuchtung von Vertikalfl\u00e4chen. Facettierter Reflektor f\u00fcr optimale Lichtverteilung. Drehbereich 355\u00b0. Ausschwenkbereich 70\u00b0. Farbtoleranz 3 SDCM. Lichtstromr\u00fcckgang nach 50.000h L80\/B20. Separates, nicht dimmbares Betriebsger\u00e4t. 5 Jahre Garantie. <\/p>\n","protected":false},"excerpt":{"rendered":"<p>DER Retail-Klassiker in klein: vielseitig einsetzbar, auch f\u00fcr die Beleuchtung von Vertikalfl\u00e4chen. Facettierter Reflektor f\u00fcr optimale Lichtverteilung. Drehbereich 355\u00b0. Ausschwenkbereich 70\u00b0. Farbtoleranz 3 SDCM. Lichtstromr\u00fcckgang nach 50.000h L80\/B20. Separates, nicht dimmbares Betriebsger\u00e4t. 5 Jahre Garantie.<\/p>\n","protected":false},"featured_media":367982,"template":"","meta":[],"product_brand":[],"product_cat":[85643],"product_tag":[],"class_list":{"0":"post-346194","1":"product","2":"type-product","3":"status-publish","4":"has-post-thumbnail","6":"product_cat-runde-einbauleuchten-dreh-ausschwenkbar","8":"first","9":"instock","10":"taxable","11":"shipping-taxable","12":"product-type-simple"},"_links":{"self":[{"href":"https:\/\/www.arclite-shop.de\/en\/wp-json\/wp\/v2\/product\/346194","targetHints":{"allow":["GET"]}}],"collection":[{"href":"https:\/\/www.arclite-shop.de\/en\/wp-json\/wp\/v2\/product"}],"about":[{"href":"https:\/\/www.arclite-shop.de\/en\/wp-json\/wp\/v2\/types\/product"}],"wp:featuredmedia":[{"embeddable":true,"href":"https:\/\/www.arclite-shop.de\/en\/wp-json\/wp\/v2\/media\/367982"}],"wp:attachment":[{"href":"https:\/\/www.arclite-shop.de\/en\/wp-json\/wp\/v2\/media?parent=346194"}],"wp:term":[{"taxonomy":"product_brand","embeddable":true,"href":"https:\/\/www.arclite-shop.de\/en\/wp-json\/wp\/v2\/product_brand?post=346194"},{"taxonomy":"product_cat","embeddable":true,"href":"https:\/\/www.arclite-shop.de\/en\/wp-json\/wp\/v2\/product_cat?post=346194"},{"taxonomy":"product_tag","embeddable":true,"href":"https:\/\/www.arclite-shop.de\/en\/wp-json\/wp\/v2\/product_tag?post=346194"}],"curies":[{"name":"wp","href":"https:\/\/api.w.org\/{rel}","templated":true}]}}