{"id":345407,"date":"2024-10-31T11:06:19","date_gmt":"2024-10-31T10:06:19","guid":{"rendered":"https:\/\/www.arclite-shop.de\/produkt\/519-ag40704-00-91\/"},"modified":"2026-04-18T15:58:48","modified_gmt":"2026-04-18T13:58:48","slug":"519-ag40704-00-91","status":"publish","type":"product","link":"https:\/\/www.arclite-shop.de\/en\/produkt\/519-ag40704-00-91\/","title":{"rendered":"trackVISION 111 - Track spotlight rotatable-swivel white 39W 24\u00b0 3000K CRI92 519-AG40704.00.91"},"content":{"rendered":"<p>Klassisch eleganter LED-Schienenstrahler mit vertikalem Betriebsger\u00e4t f\u00fcr hohe Anspr\u00fcche. Ultra Reflektor Technologie. Drehbereich 350\u00b0. Schwenkbereich 90\u00b0. Farbtoleranz 2 SDCM. Lichtstromr\u00fcckgang nach 66.000h L90\/B10. Universeller Schienenadapter. Integriertes, nicht dimmbares Betriebsger\u00e4t. Weitere Produktkonfigurationen auf Anfrage. 5 Jahre Garantie. <\/p>\n","protected":false},"excerpt":{"rendered":"<p>Klassisch eleganter LED-Schienenstrahler mit vertikalem Betriebsger\u00e4t f\u00fcr hohe Anspr\u00fcche. Ultra Reflektor Technologie. Drehbereich 350\u00b0. Schwenkbereich 90\u00b0. Farbtoleranz 2 SDCM. Lichtstromr\u00fcckgang nach 66.000h L90\/B10. Universeller Schienenadapter. Integriertes, nicht dimmbares Betriebsger\u00e4t. Weitere Produktkonfigurationen auf Anfrage. 5 Jahre Garantie.<\/p>\n","protected":false},"featured_media":368026,"template":"","meta":[],"product_brand":[],"product_cat":[85769],"product_tag":[],"class_list":{"0":"post-345407","1":"product","2":"type-product","3":"status-publish","4":"has-post-thumbnail","6":"product_cat-schienenstrahler-dreh-schwenkbar","8":"first","9":"instock","10":"taxable","11":"shipping-taxable","12":"product-type-simple"},"_links":{"self":[{"href":"https:\/\/www.arclite-shop.de\/en\/wp-json\/wp\/v2\/product\/345407","targetHints":{"allow":["GET"]}}],"collection":[{"href":"https:\/\/www.arclite-shop.de\/en\/wp-json\/wp\/v2\/product"}],"about":[{"href":"https:\/\/www.arclite-shop.de\/en\/wp-json\/wp\/v2\/types\/product"}],"wp:featuredmedia":[{"embeddable":true,"href":"https:\/\/www.arclite-shop.de\/en\/wp-json\/wp\/v2\/media\/368026"}],"wp:attachment":[{"href":"https:\/\/www.arclite-shop.de\/en\/wp-json\/wp\/v2\/media?parent=345407"}],"wp:term":[{"taxonomy":"product_brand","embeddable":true,"href":"https:\/\/www.arclite-shop.de\/en\/wp-json\/wp\/v2\/product_brand?post=345407"},{"taxonomy":"product_cat","embeddable":true,"href":"https:\/\/www.arclite-shop.de\/en\/wp-json\/wp\/v2\/product_cat?post=345407"},{"taxonomy":"product_tag","embeddable":true,"href":"https:\/\/www.arclite-shop.de\/en\/wp-json\/wp\/v2\/product_tag?post=345407"}],"curies":[{"name":"wp","href":"https:\/\/api.w.org\/{rel}","templated":true}]}}