{"id":343416,"date":"2024-10-31T10:42:47","date_gmt":"2024-10-31T09:42:47","guid":{"rendered":"https:\/\/www.arclite-shop.de\/produkt\/873-lv150w24cg-triac\/"},"modified":"2026-04-18T16:17:13","modified_gmt":"2026-04-18T14:17:13","slug":"873-lv150w24cg-triac","status":"publish","type":"product","link":"https:\/\/www.arclite-shop.de\/en\/produkt\/873-lv150w24cg-triac\/","title":{"rendered":"KGP LED Driver Constant Voltage 220-240V, 150W, 24V, Triac, Constant Voltage LV150W24CG Triac"},"content":{"rendered":"<p>Konstantspannung LED-Treiber, Triac Dimmung 10%-100%, Nur f\u00fcr Innenbereich, 90% Effizienz, Ausgangsspannung 24V, Ausgangsstrom 6250mA, Ausgangsleistung 30-150W, \u00dcberlastschutz, Kurzschlussschutz, Leerlaufschutz, \u00dcbertemperaturschutz, 5 Jahre Garantie.<\/p>\n","protected":false},"excerpt":{"rendered":"<p>Konstantspannung LED-Treiber, Triac Dimmung 10%-100%, Nur f\u00fcr Innenbereich, 90% Effizienz, Ausgangsspannung 24V, Ausgangsstrom 6250mA, Ausgangsleistung 30-150W, \u00dcberlastschutz, Kurzschlussschutz, Leerlaufschutz, \u00dcbertemperaturschutz, 5 Jahre Garantie.<\/p>\n","protected":false},"featured_media":368110,"template":"","meta":[],"product_brand":[],"product_cat":[84631],"product_tag":[],"class_list":{"0":"post-343416","1":"product","2":"type-product","3":"status-publish","4":"has-post-thumbnail","6":"product_cat-led-betriebsgeraet","8":"first","9":"instock","10":"taxable","11":"shipping-taxable","12":"product-type-simple"},"_links":{"self":[{"href":"https:\/\/www.arclite-shop.de\/en\/wp-json\/wp\/v2\/product\/343416","targetHints":{"allow":["GET"]}}],"collection":[{"href":"https:\/\/www.arclite-shop.de\/en\/wp-json\/wp\/v2\/product"}],"about":[{"href":"https:\/\/www.arclite-shop.de\/en\/wp-json\/wp\/v2\/types\/product"}],"wp:featuredmedia":[{"embeddable":true,"href":"https:\/\/www.arclite-shop.de\/en\/wp-json\/wp\/v2\/media\/368110"}],"wp:attachment":[{"href":"https:\/\/www.arclite-shop.de\/en\/wp-json\/wp\/v2\/media?parent=343416"}],"wp:term":[{"taxonomy":"product_brand","embeddable":true,"href":"https:\/\/www.arclite-shop.de\/en\/wp-json\/wp\/v2\/product_brand?post=343416"},{"taxonomy":"product_cat","embeddable":true,"href":"https:\/\/www.arclite-shop.de\/en\/wp-json\/wp\/v2\/product_cat?post=343416"},{"taxonomy":"product_tag","embeddable":true,"href":"https:\/\/www.arclite-shop.de\/en\/wp-json\/wp\/v2\/product_tag?post=343416"}],"curies":[{"name":"wp","href":"https:\/\/api.w.org\/{rel}","templated":true}]}}