{"id":343413,"date":"2024-10-31T10:42:45","date_gmt":"2024-10-31T09:42:45","guid":{"rendered":"https:\/\/www.arclite-shop.de\/produkt\/873-lv60w24cg-triac\/"},"modified":"2026-04-18T16:17:27","modified_gmt":"2026-04-18T14:17:27","slug":"873-lv60w24cg-triac","status":"publish","type":"product","link":"https:\/\/www.arclite-shop.de\/en\/produkt\/873-lv60w24cg-triac\/","title":{"rendered":"KGP LED Driver Constant Voltage 220-240V, 60W, 24V, Triac, Constant Voltage LV60W24CG Triac"},"content":{"rendered":"<p>Konstantspannung LED-Treiber, Triac Dimmung 10%-100%, Nur f\u00fcr Innenbereich, 83% Effizienz, Ausgangsspannung 24V, Ausgangsstrom 2500mA, Ausgangsleistung 10-60W, \u00dcberlastschutz, Kurzschlussschutz, Leerlaufschutz, \u00dcbertemperaturschutz, 5 Jahre Garantie.<\/p>\n","protected":false},"excerpt":{"rendered":"<p>Konstantspannung LED-Treiber, Triac Dimmung 10%-100%, Nur f\u00fcr Innenbereich, 83% Effizienz, Ausgangsspannung 24V, Ausgangsstrom 2500mA, Ausgangsleistung 10-60W, \u00dcberlastschutz, Kurzschlussschutz, Leerlaufschutz, \u00dcbertemperaturschutz, 5 Jahre Garantie.<\/p>\n","protected":false},"featured_media":368118,"template":"","meta":[],"product_brand":[],"product_cat":[84631],"product_tag":[],"class_list":{"0":"post-343413","1":"product","2":"type-product","3":"status-publish","4":"has-post-thumbnail","6":"product_cat-led-betriebsgeraet","8":"first","9":"outofstock","10":"taxable","11":"shipping-taxable","12":"product-type-simple"},"_links":{"self":[{"href":"https:\/\/www.arclite-shop.de\/en\/wp-json\/wp\/v2\/product\/343413","targetHints":{"allow":["GET"]}}],"collection":[{"href":"https:\/\/www.arclite-shop.de\/en\/wp-json\/wp\/v2\/product"}],"about":[{"href":"https:\/\/www.arclite-shop.de\/en\/wp-json\/wp\/v2\/types\/product"}],"wp:featuredmedia":[{"embeddable":true,"href":"https:\/\/www.arclite-shop.de\/en\/wp-json\/wp\/v2\/media\/368118"}],"wp:attachment":[{"href":"https:\/\/www.arclite-shop.de\/en\/wp-json\/wp\/v2\/media?parent=343413"}],"wp:term":[{"taxonomy":"product_brand","embeddable":true,"href":"https:\/\/www.arclite-shop.de\/en\/wp-json\/wp\/v2\/product_brand?post=343413"},{"taxonomy":"product_cat","embeddable":true,"href":"https:\/\/www.arclite-shop.de\/en\/wp-json\/wp\/v2\/product_cat?post=343413"},{"taxonomy":"product_tag","embeddable":true,"href":"https:\/\/www.arclite-shop.de\/en\/wp-json\/wp\/v2\/product_tag?post=343413"}],"curies":[{"name":"wp","href":"https:\/\/api.w.org\/{rel}","templated":true}]}}