{"id":343346,"date":"2024-10-31T10:42:05","date_gmt":"2024-10-31T09:42:05","guid":{"rendered":"https:\/\/www.arclite-shop.de\/produkt\/854-aa1100184\/"},"modified":"2026-04-18T16:21:34","modified_gmt":"2026-04-18T14:21:34","slug":"854-aa1100184","status":"publish","type":"product","link":"https:\/\/www.arclite-shop.de\/en\/produkt\/854-aa1100184\/","title":{"rendered":"Arclite Deco Tube for roundCENTURY 362, white AA1100184"},"content":{"rendered":"<p>Dekorative Abdeckung, die mit den roundCENTURY 362 einfach zu installieren ist. Au\u00dferdem reduzierte Blendung. H\u00f6he: 60mm. DA: 93, 5 mm. Deckenausschnitt: \u00f8 70 mm<\/p>\n","protected":false},"excerpt":{"rendered":"<p>Dekorative Abdeckung, die mit den roundCENTURY 362 einfach zu installieren ist. Au\u00dferdem reduzierte Blendung. H\u00f6he: 60mm. DA: 93, 5 mm. Deckenausschnitt: \u00f8 70 mm<\/p>\n","protected":false},"featured_media":368214,"template":"","meta":[],"product_brand":[],"product_cat":[84591],"product_tag":[],"class_list":{"0":"post-343346","1":"product","2":"type-product","3":"status-publish","4":"has-post-thumbnail","6":"product_cat-mechanisches-zubehoer-ersatzteile-fuer-leuchten","8":"first","9":"instock","10":"taxable","11":"shipping-taxable","12":"product-type-simple"},"_links":{"self":[{"href":"https:\/\/www.arclite-shop.de\/en\/wp-json\/wp\/v2\/product\/343346","targetHints":{"allow":["GET"]}}],"collection":[{"href":"https:\/\/www.arclite-shop.de\/en\/wp-json\/wp\/v2\/product"}],"about":[{"href":"https:\/\/www.arclite-shop.de\/en\/wp-json\/wp\/v2\/types\/product"}],"wp:featuredmedia":[{"embeddable":true,"href":"https:\/\/www.arclite-shop.de\/en\/wp-json\/wp\/v2\/media\/368214"}],"wp:attachment":[{"href":"https:\/\/www.arclite-shop.de\/en\/wp-json\/wp\/v2\/media?parent=343346"}],"wp:term":[{"taxonomy":"product_brand","embeddable":true,"href":"https:\/\/www.arclite-shop.de\/en\/wp-json\/wp\/v2\/product_brand?post=343346"},{"taxonomy":"product_cat","embeddable":true,"href":"https:\/\/www.arclite-shop.de\/en\/wp-json\/wp\/v2\/product_cat?post=343346"},{"taxonomy":"product_tag","embeddable":true,"href":"https:\/\/www.arclite-shop.de\/en\/wp-json\/wp\/v2\/product_tag?post=343346"}],"curies":[{"name":"wp","href":"https:\/\/api.w.org\/{rel}","templated":true}]}}