{"id":343164,"date":"2024-10-31T10:39:59","date_gmt":"2024-10-31T09:39:59","guid":{"rendered":"https:\/\/www.arclite-shop.de\/produkt\/850-820512\/"},"modified":"2026-04-18T16:38:39","modified_gmt":"2026-04-18T14:38:39","slug":"850-820512","status":"publish","type":"product","link":"https:\/\/www.arclite-shop.de\/en\/produkt\/850-820512\/","title":{"rendered":"Rosette AD  0mm, grau f\u00fcr Morfi 820512"},"content":{"rendered":"<p>Deckenrosette aus Aluminium f\u00fcr Morfi 105W und 140W. Durchmesser: 300mm, H\u00f6he: 55mm, Farbe grau. <\/p>\n","protected":false},"excerpt":{"rendered":"<p>Deckenrosette aus Aluminium f\u00fcr Morfi 105W und 140W. Durchmesser: 300mm, H\u00f6he: 55mm, Farbe grau.<\/p>\n","protected":false},"featured_media":368260,"template":"","meta":[],"product_brand":[],"product_cat":[84591],"product_tag":[],"class_list":{"0":"post-343164","1":"product","2":"type-product","3":"status-publish","4":"has-post-thumbnail","6":"product_cat-mechanisches-zubehoer-ersatzteile-fuer-leuchten","8":"first","9":"instock","10":"taxable","11":"shipping-taxable","12":"product-type-simple"},"_links":{"self":[{"href":"https:\/\/www.arclite-shop.de\/en\/wp-json\/wp\/v2\/product\/343164","targetHints":{"allow":["GET"]}}],"collection":[{"href":"https:\/\/www.arclite-shop.de\/en\/wp-json\/wp\/v2\/product"}],"about":[{"href":"https:\/\/www.arclite-shop.de\/en\/wp-json\/wp\/v2\/types\/product"}],"wp:featuredmedia":[{"embeddable":true,"href":"https:\/\/www.arclite-shop.de\/en\/wp-json\/wp\/v2\/media\/368260"}],"wp:attachment":[{"href":"https:\/\/www.arclite-shop.de\/en\/wp-json\/wp\/v2\/media?parent=343164"}],"wp:term":[{"taxonomy":"product_brand","embeddable":true,"href":"https:\/\/www.arclite-shop.de\/en\/wp-json\/wp\/v2\/product_brand?post=343164"},{"taxonomy":"product_cat","embeddable":true,"href":"https:\/\/www.arclite-shop.de\/en\/wp-json\/wp\/v2\/product_cat?post=343164"},{"taxonomy":"product_tag","embeddable":true,"href":"https:\/\/www.arclite-shop.de\/en\/wp-json\/wp\/v2\/product_tag?post=343164"}],"curies":[{"name":"wp","href":"https:\/\/api.w.org\/{rel}","templated":true}]}}