{"id":343106,"date":"2024-10-31T10:39:22","date_gmt":"2024-10-31T09:39:22","guid":{"rendered":"https:\/\/www.arclite-shop.de\/produkt\/850-876121\/"},"modified":"2026-04-18T16:46:09","modified_gmt":"2026-04-18T14:46:09","slug":"850-876121","status":"publish","type":"product","link":"https:\/\/www.arclite-shop.de\/en\/produkt\/850-876121\/","title":{"rendered":"Pendant accessories incl. canopy for URANIA LED, white 876121 "},"content":{"rendered":"<p>Aufh\u00e4ngungskit f\u00fcr URANIA LED. Bestehend auf Textilkabel 3&#215;0, 75mm\u00b2 und Baldachin \u00f8100mm. L\u00e4nge 2m, wei\u00df.<\/p>\n","protected":false},"excerpt":{"rendered":"<p>Aufh\u00e4ngungskit f\u00fcr URANIA LED. Bestehend auf Textilkabel 3&#215;0, 75mm\u00b2 und Baldachin \u00f8100mm. L\u00e4nge 2m, wei\u00df.<\/p>\n","protected":false},"featured_media":368276,"template":"","meta":[],"product_brand":[],"product_cat":[84591],"product_tag":[],"class_list":{"0":"post-343106","1":"product","2":"type-product","3":"status-publish","4":"has-post-thumbnail","6":"product_cat-mechanisches-zubehoer-ersatzteile-fuer-leuchten","8":"first","9":"instock","10":"taxable","11":"shipping-taxable","12":"product-type-simple"},"_links":{"self":[{"href":"https:\/\/www.arclite-shop.de\/en\/wp-json\/wp\/v2\/product\/343106","targetHints":{"allow":["GET"]}}],"collection":[{"href":"https:\/\/www.arclite-shop.de\/en\/wp-json\/wp\/v2\/product"}],"about":[{"href":"https:\/\/www.arclite-shop.de\/en\/wp-json\/wp\/v2\/types\/product"}],"wp:featuredmedia":[{"embeddable":true,"href":"https:\/\/www.arclite-shop.de\/en\/wp-json\/wp\/v2\/media\/368276"}],"wp:attachment":[{"href":"https:\/\/www.arclite-shop.de\/en\/wp-json\/wp\/v2\/media?parent=343106"}],"wp:term":[{"taxonomy":"product_brand","embeddable":true,"href":"https:\/\/www.arclite-shop.de\/en\/wp-json\/wp\/v2\/product_brand?post=343106"},{"taxonomy":"product_cat","embeddable":true,"href":"https:\/\/www.arclite-shop.de\/en\/wp-json\/wp\/v2\/product_cat?post=343106"},{"taxonomy":"product_tag","embeddable":true,"href":"https:\/\/www.arclite-shop.de\/en\/wp-json\/wp\/v2\/product_tag?post=343106"}],"curies":[{"name":"wp","href":"https:\/\/api.w.org\/{rel}","templated":true}]}}