{"id":343079,"date":"2024-10-31T10:39:06","date_gmt":"2024-10-31T09:39:06","guid":{"rendered":"https:\/\/www.arclite-shop.de\/produkt\/73-28004037\/"},"modified":"2026-04-18T16:48:51","modified_gmt":"2026-04-18T14:48:51","slug":"73-28004037","status":"publish","type":"product","link":"https:\/\/www.arclite-shop.de\/en\/produkt\/73-28004037\/","title":{"rendered":"TRIDONIC LED Driver Constant Current LCI 75\/250-1050\/300 o4a NF h28 EXC4 28004037"},"content":{"rendered":"<p>Konstantstrom-LED-Treiber f\u00fcr den Leuchteneinbau, besonders geeignet f\u00fcr industrielle Anwendungen in rauen Umgebungen mit erh\u00f6hten Umgebungstemperaturen, wie zum Beispiel Lagerhallen oder Fabriken. Dimmbereich von 1 \u2013 100 %. Ausgangsstrom einstellbar zwischen 250 \u2013 1.050 mA. Max. Ausgangsleistung 150 W. 8 Jahre Garantie.<\/p>\n","protected":false},"excerpt":{"rendered":"<p>Konstantstrom-LED-Treiber f\u00fcr den Leuchteneinbau, besonders geeignet f\u00fcr industrielle Anwendungen in rauen Umgebungen mit erh\u00f6hten Umgebungstemperaturen, wie zum Beispiel Lagerhallen oder Fabriken. Dimmbereich von 1 \u2013 100 %. Ausgangsstrom einstellbar zwischen 250 \u2013 1.050 mA. Max. Ausgangsleistung 150 W. 8 Jahre<span class=\"excerpt-hellip\"> [\u2026]<\/span><\/p>\n","protected":false},"featured_media":368324,"template":"","meta":[],"product_brand":[],"product_cat":[84631],"product_tag":[],"class_list":{"0":"post-343079","1":"product","2":"type-product","3":"status-publish","4":"has-post-thumbnail","6":"product_cat-led-betriebsgeraet","8":"first","9":"instock","10":"taxable","11":"shipping-taxable","12":"product-type-simple"},"_links":{"self":[{"href":"https:\/\/www.arclite-shop.de\/en\/wp-json\/wp\/v2\/product\/343079","targetHints":{"allow":["GET"]}}],"collection":[{"href":"https:\/\/www.arclite-shop.de\/en\/wp-json\/wp\/v2\/product"}],"about":[{"href":"https:\/\/www.arclite-shop.de\/en\/wp-json\/wp\/v2\/types\/product"}],"wp:featuredmedia":[{"embeddable":true,"href":"https:\/\/www.arclite-shop.de\/en\/wp-json\/wp\/v2\/media\/368324"}],"wp:attachment":[{"href":"https:\/\/www.arclite-shop.de\/en\/wp-json\/wp\/v2\/media?parent=343079"}],"wp:term":[{"taxonomy":"product_brand","embeddable":true,"href":"https:\/\/www.arclite-shop.de\/en\/wp-json\/wp\/v2\/product_brand?post=343079"},{"taxonomy":"product_cat","embeddable":true,"href":"https:\/\/www.arclite-shop.de\/en\/wp-json\/wp\/v2\/product_cat?post=343079"},{"taxonomy":"product_tag","embeddable":true,"href":"https:\/\/www.arclite-shop.de\/en\/wp-json\/wp\/v2\/product_tag?post=343079"}],"curies":[{"name":"wp","href":"https:\/\/api.w.org\/{rel}","templated":true}]}}