{"id":343072,"date":"2024-10-31T10:39:00","date_gmt":"2024-10-31T09:39:00","guid":{"rendered":"https:\/\/www.arclite-shop.de\/produkt\/73-28004415\/"},"modified":"2026-04-18T16:49:08","modified_gmt":"2026-04-18T14:49:08","slug":"73-28004415","status":"publish","type":"product","link":"https:\/\/www.arclite-shop.de\/en\/produkt\/73-28004415\/","title":{"rendered":"TRIDONIC LED Driver Constant Current REMOTECONTROL IR6+ 28004415"},"content":{"rendered":"<p>Optionale Infrarot-Fernbedienung, Ein- und Ausschalten (On\/Off-Taste f\u00fcr Gruppe 1 und 2), Dimmen (Up\/Down-Taste f\u00fcr Gruppe 1 und 2), Tunable White (w\u00e4rmer oder k\u00e4lter) und Sensor-Kopplung, Aktivieren der automatischen Lichtregelung (Automatic-Taste), Sollwerteinstellung der Lichtregelung (Set-Taste), IR Reichweite typisch 5 m<\/p>\n","protected":false},"excerpt":{"rendered":"<p>Optionale Infrarot-Fernbedienung, Ein- und Ausschalten (On\/Off-Taste f\u00fcr Gruppe 1 und 2), Dimmen (Up\/Down-Taste f\u00fcr Gruppe 1 und 2), Tunable White (w\u00e4rmer oder k\u00e4lter) und Sensor-Kopplung, Aktivieren der automatischen Lichtregelung (Automatic-Taste), Sollwerteinstellung der Lichtregelung (Set-Taste), IR Reichweite typisch 5 m<\/p>\n","protected":false},"featured_media":258017,"template":"","meta":[],"product_brand":[],"product_cat":[85162],"product_tag":[],"class_list":{"0":"post-343072","1":"product","2":"type-product","3":"status-publish","4":"has-post-thumbnail","6":"product_cat-fernbedienung","8":"first","9":"instock","10":"taxable","11":"shipping-taxable","12":"product-type-simple"},"_links":{"self":[{"href":"https:\/\/www.arclite-shop.de\/en\/wp-json\/wp\/v2\/product\/343072","targetHints":{"allow":["GET"]}}],"collection":[{"href":"https:\/\/www.arclite-shop.de\/en\/wp-json\/wp\/v2\/product"}],"about":[{"href":"https:\/\/www.arclite-shop.de\/en\/wp-json\/wp\/v2\/types\/product"}],"wp:featuredmedia":[{"embeddable":true,"href":"https:\/\/www.arclite-shop.de\/en\/wp-json\/wp\/v2\/media\/258017"}],"wp:attachment":[{"href":"https:\/\/www.arclite-shop.de\/en\/wp-json\/wp\/v2\/media?parent=343072"}],"wp:term":[{"taxonomy":"product_brand","embeddable":true,"href":"https:\/\/www.arclite-shop.de\/en\/wp-json\/wp\/v2\/product_brand?post=343072"},{"taxonomy":"product_cat","embeddable":true,"href":"https:\/\/www.arclite-shop.de\/en\/wp-json\/wp\/v2\/product_cat?post=343072"},{"taxonomy":"product_tag","embeddable":true,"href":"https:\/\/www.arclite-shop.de\/en\/wp-json\/wp\/v2\/product_tag?post=343072"}],"curies":[{"name":"wp","href":"https:\/\/api.w.org\/{rel}","templated":true}]}}