{"id":343069,"date":"2024-10-31T10:38:59","date_gmt":"2024-10-31T09:38:59","guid":{"rendered":"https:\/\/www.arclite-shop.de\/produkt\/73-28001658\/"},"modified":"2026-04-18T16:49:10","modified_gmt":"2026-04-18T14:49:10","slug":"73-28001658","status":"publish","type":"product","link":"https:\/\/www.arclite-shop.de\/en\/produkt\/73-28001658\/","title":{"rendered":"TRIDONIC LED Driver Constant Current ACU SHADING AISLE 16DPI highbay 28001658"},"content":{"rendered":"<p>Abschattungsset bestehend aus 3 verschiedenen Linsentypen, Drei verschiedene Abdeckungen f\u00fcr den MSensor G3 30 PIR 16DPI WH, basicDIM ILD G2 und basicDIM ILD erm\u00f6glichen die Reduzierung des Erfassungsbereiches in G\u00e4ngen, Diese Abdeckungen k\u00f6nnen jederzeit an der Vorderseite des Sensors angebracht oder entfernt werden, ohne \u00f6ffnen der Leuchte, Um ein H\u00f6chstma\u00df an Flexibilit\u00e4t zu bieten, k\u00f6nnen diese Abdeckungen in allen Richtungen von 0\u00b0, 90\u00b0, 180\u00b0 und 270\u00b0 angebracht werden<\/p>\n","protected":false},"excerpt":{"rendered":"<p>Abschattungsset bestehend aus 3 verschiedenen Linsentypen, Drei verschiedene Abdeckungen f\u00fcr den MSensor G3 30 PIR 16DPI WH, basicDIM ILD G2 und basicDIM ILD erm\u00f6glichen die Reduzierung des Erfassungsbereiches in G\u00e4ngen, Diese Abdeckungen k\u00f6nnen jederzeit an der Vorderseite des Sensors angebracht<span class=\"excerpt-hellip\"> [\u2026]<\/span><\/p>\n","protected":false},"featured_media":368334,"template":"","meta":[],"product_brand":[],"product_cat":[84911],"product_tag":[],"class_list":{"0":"post-343069","1":"product","2":"type-product","3":"status-publish","4":"has-post-thumbnail","6":"product_cat-lichttechnisches-zubehoer-ersatzteile-fuer-leuchten","8":"first","9":"instock","10":"taxable","11":"shipping-taxable","12":"product-type-simple"},"_links":{"self":[{"href":"https:\/\/www.arclite-shop.de\/en\/wp-json\/wp\/v2\/product\/343069","targetHints":{"allow":["GET"]}}],"collection":[{"href":"https:\/\/www.arclite-shop.de\/en\/wp-json\/wp\/v2\/product"}],"about":[{"href":"https:\/\/www.arclite-shop.de\/en\/wp-json\/wp\/v2\/types\/product"}],"wp:featuredmedia":[{"embeddable":true,"href":"https:\/\/www.arclite-shop.de\/en\/wp-json\/wp\/v2\/media\/368334"}],"wp:attachment":[{"href":"https:\/\/www.arclite-shop.de\/en\/wp-json\/wp\/v2\/media?parent=343069"}],"wp:term":[{"taxonomy":"product_brand","embeddable":true,"href":"https:\/\/www.arclite-shop.de\/en\/wp-json\/wp\/v2\/product_brand?post=343069"},{"taxonomy":"product_cat","embeddable":true,"href":"https:\/\/www.arclite-shop.de\/en\/wp-json\/wp\/v2\/product_cat?post=343069"},{"taxonomy":"product_tag","embeddable":true,"href":"https:\/\/www.arclite-shop.de\/en\/wp-json\/wp\/v2\/product_tag?post=343069"}],"curies":[{"name":"wp","href":"https:\/\/api.w.org\/{rel}","templated":true}]}}