{"id":343037,"date":"2024-10-31T10:38:41","date_gmt":"2024-10-31T09:38:41","guid":{"rendered":"https:\/\/www.arclite-shop.de\/produkt\/73-28004039\/"},"modified":"2026-04-18T16:49:56","modified_gmt":"2026-04-18T14:49:56","slug":"73-28004039","status":"publish","type":"product","link":"https:\/\/www.arclite-shop.de\/en\/produkt\/73-28004039\/","title":{"rendered":"TRIDONIC LED Driver Constant Current LCI 220\/500-1400\/300 pD NF h28 PRE4 28004039"},"content":{"rendered":"<p>Konstantstrom-LED-Treiber f\u00fcr den Leuchteneinbau, besonders geeignet f\u00fcr industrielle Anwendungen in rauen Umgebungen mit erh\u00f6hten Umgebungstemperaturen, wie zum Beispiel Lagerhallen oder Fabriken, Dimmbereich von 1 \u2013 100 %, F\u00fcr Leuchten der Schutzklasse I und der Schutzklasse II, Ausgangsstrom einstellbar zwischen 500 \u2013 1.400 mA, Max. Ausgangsleistung 220 W, Spannungsspitzentauglich (Burst\/Surge) bis zu 4 kV, Erweiterter Temperaturbereich von -40 &#8230; +75 \u00b0C, Nominale Lebensdauer bis zu 100.000 h, 8 Jahre Garantie, Wei\u00dfes \u201eslim\u201c-Metallgeh\u00e4use, Schutzart IP20, Nahfeld-Kommunikation (NFC), one4all (DALI-2 DT 6, DSI, switchDIM, corridorFUNCTION), Klemmen: 0\u00b0 Steckklemmen, Einstellbarer Ausgangsstrom in 1-mA-Schritten (NFC, DALI), Erf\u00fcllt die DALI-2 Teile: 250 (Integrierte DALI-Bus-Spannungs-versorgung), 251 (Leuchtendaten), 252 (Energiebericht) und 253 (Diagnose &amp; Wartung), Constant Light Output Funktion (eCLO), Intelligent Temperature Guard (thermische Schutzvorrichtung), Intelligent Voltage Guard (\u00dcberspannungs- und Unterspannungs\u00fcberwachung), Schutzfunktionen (\u00dcbertemperatur, Kurzschluss, \u00dcberlast, Leerlauf, Eingangsspannungsbereich), Geeignet f\u00fcr Sicherheitsbeleuchtungsanlagen gem\u00e4\u00df EN 50172, Flexible Konfiguration \u00fcber companionSUITE (NFC, DALI), Anwendungsorientiertes Betriebsfenster f\u00fcr max. Kompatibilit\u00e4t, Verbesserte Vibrationseigenschaft, Erh\u00f6hte Sicherheit durch robustes Design und erweiterte Testvorg\u00e4nge unter extremen Testbedingungen, Hohe Verl\u00e4sslichkeit durch die Auswahl exklusiver Komponenten, F\u00fcr Linear- und Fl\u00e4chenbeleuchtung in Industrieanwendungen<\/p>\n","protected":false},"excerpt":{"rendered":"<p>Konstantstrom-LED-Treiber f\u00fcr den Leuchteneinbau, besonders geeignet f\u00fcr industrielle Anwendungen in rauen Umgebungen mit erh\u00f6hten Umgebungstemperaturen, wie zum Beispiel Lagerhallen oder Fabriken, Dimmbereich von 1 \u2013 100 %, F\u00fcr Leuchten der Schutzklasse I und der Schutzklasse II, Ausgangsstrom einstellbar zwischen 500<span class=\"excerpt-hellip\"> [\u2026]<\/span><\/p>\n","protected":false},"featured_media":257960,"template":"","meta":[],"product_brand":[],"product_cat":[84631],"product_tag":[],"class_list":{"0":"post-343037","1":"product","2":"type-product","3":"status-publish","4":"has-post-thumbnail","6":"product_cat-led-betriebsgeraet","8":"first","9":"instock","10":"taxable","11":"shipping-taxable","12":"product-type-simple"},"_links":{"self":[{"href":"https:\/\/www.arclite-shop.de\/en\/wp-json\/wp\/v2\/product\/343037","targetHints":{"allow":["GET"]}}],"collection":[{"href":"https:\/\/www.arclite-shop.de\/en\/wp-json\/wp\/v2\/product"}],"about":[{"href":"https:\/\/www.arclite-shop.de\/en\/wp-json\/wp\/v2\/types\/product"}],"wp:featuredmedia":[{"embeddable":true,"href":"https:\/\/www.arclite-shop.de\/en\/wp-json\/wp\/v2\/media\/257960"}],"wp:attachment":[{"href":"https:\/\/www.arclite-shop.de\/en\/wp-json\/wp\/v2\/media?parent=343037"}],"wp:term":[{"taxonomy":"product_brand","embeddable":true,"href":"https:\/\/www.arclite-shop.de\/en\/wp-json\/wp\/v2\/product_brand?post=343037"},{"taxonomy":"product_cat","embeddable":true,"href":"https:\/\/www.arclite-shop.de\/en\/wp-json\/wp\/v2\/product_cat?post=343037"},{"taxonomy":"product_tag","embeddable":true,"href":"https:\/\/www.arclite-shop.de\/en\/wp-json\/wp\/v2\/product_tag?post=343037"}],"curies":[{"name":"wp","href":"https:\/\/api.w.org\/{rel}","templated":true}]}}