{"id":343021,"date":"2024-10-31T10:38:32","date_gmt":"2024-10-31T09:38:32","guid":{"rendered":"https:\/\/www.arclite-shop.de\/produkt\/73-28004048\/"},"modified":"2026-04-18T16:50:31","modified_gmt":"2026-04-18T14:50:31","slug":"73-28004048","status":"publish","type":"product","link":"https:\/\/www.arclite-shop.de\/en\/produkt\/73-28004048\/","title":{"rendered":"TRIDONIC LED Driver Constant Current LC 25\/50-350\/230 o4a NF h16 EXC4 28004048"},"content":{"rendered":"<p>Dimmbarer Konstantstrom-LED-Treiber f\u00fcr den Leuchteneinbau, Dimmbereich von 1 \u2013 100 %, F\u00fcr Leuchten der Schutzklasse I und der Schutzklasse II, Ausgangsstrom einstellbar zwischen 50 \u2013 350 mA, Max. Ausgangsleistung 25 W, Bis zu 91,1 % Effizienz, Leistungsaufnahme im Stand-by &lt; 0,14 W, Nominale Lebensdauer bis zu 100.000 h, 5 Jahre Garantie, \u201eLow profile\u201c-Metallgeh\u00e4use mit wei\u00dfem Oberteil, Nur 16 mm Geh\u00e4useh\u00f6he, Schutzart IP20, Nahfeld-Kommunikation (NFC), one4all (DALI-2 DT 6, DSI, switchDIM, corridorFUNCTION), Klemmen: 0\u00b0 Steckklemmen, Einstellbarer Ausgangsstrom in 1-mA-Schritten (NFC, DALI), Erf\u00fcllt die DALI-2 Teile: 251 (Leuchtendaten), 252 (Energiebericht) und 253 (Diagnose &amp; Wartung), Constant Light Output Funktion (eCLO), Power-up Fading bei AC, Ausschalten des Treibers mittels fade2zero, Schutzfunktionen (\u00dcbertemperatur, Kurzschluss, \u00dcberlast, Leerlauf), Geeignet f\u00fcr Sicherheitsbeleuchtungsanlagen gem\u00e4\u00df EN 50172, Flexible Konfiguration \u00fcber companionSUITE, Unterst\u00fctzt NFC Mehrfachprogrammierung (ganze Kartoneinheit), Anwendungsorientiertes Betriebsfenster f\u00fcr max. Kompatibilit\u00e4t, Hohe Energieeinsparungen durch geringe Stand-by-Verluste und hohe Effizienz, Lebensdauer bis zu 100.000 h und 5 Jahre Garantie, F\u00fcr Linear- und Fl\u00e4chenbeleuchtung in B\u00fcroanwendungen<\/p>\n","protected":false},"excerpt":{"rendered":"<p>Dimmbarer Konstantstrom-LED-Treiber f\u00fcr den Leuchteneinbau, Dimmbereich von 1 \u2013 100 %, F\u00fcr Leuchten der Schutzklasse I und der Schutzklasse II, Ausgangsstrom einstellbar zwischen 50 \u2013 350 mA, Max. Ausgangsleistung 25 W, Bis zu 91,1 % Effizienz, Leistungsaufnahme im Stand-by &lt;<span class=\"excerpt-hellip\"> [\u2026]<\/span><\/p>\n","protected":false},"featured_media":257934,"template":"","meta":[],"product_brand":[],"product_cat":[84631],"product_tag":[],"class_list":{"0":"post-343021","1":"product","2":"type-product","3":"status-publish","4":"has-post-thumbnail","6":"product_cat-led-betriebsgeraet","8":"first","9":"instock","10":"taxable","11":"shipping-taxable","12":"product-type-simple"},"_links":{"self":[{"href":"https:\/\/www.arclite-shop.de\/en\/wp-json\/wp\/v2\/product\/343021","targetHints":{"allow":["GET"]}}],"collection":[{"href":"https:\/\/www.arclite-shop.de\/en\/wp-json\/wp\/v2\/product"}],"about":[{"href":"https:\/\/www.arclite-shop.de\/en\/wp-json\/wp\/v2\/types\/product"}],"wp:featuredmedia":[{"embeddable":true,"href":"https:\/\/www.arclite-shop.de\/en\/wp-json\/wp\/v2\/media\/257934"}],"wp:attachment":[{"href":"https:\/\/www.arclite-shop.de\/en\/wp-json\/wp\/v2\/media?parent=343021"}],"wp:term":[{"taxonomy":"product_brand","embeddable":true,"href":"https:\/\/www.arclite-shop.de\/en\/wp-json\/wp\/v2\/product_brand?post=343021"},{"taxonomy":"product_cat","embeddable":true,"href":"https:\/\/www.arclite-shop.de\/en\/wp-json\/wp\/v2\/product_cat?post=343021"},{"taxonomy":"product_tag","embeddable":true,"href":"https:\/\/www.arclite-shop.de\/en\/wp-json\/wp\/v2\/product_tag?post=343021"}],"curies":[{"name":"wp","href":"https:\/\/api.w.org\/{rel}","templated":true}]}}