{"id":342998,"date":"2024-10-31T10:38:19","date_gmt":"2024-10-31T09:38:19","guid":{"rendered":"https:\/\/www.arclite-shop.de\/produkt\/73-87501033\/"},"modified":"2026-04-18T16:51:07","modified_gmt":"2026-04-18T14:51:07","slug":"73-87501033","status":"publish","type":"product","link":"https:\/\/www.arclite-shop.de\/en\/produkt\/73-87501033\/","title":{"rendered":"TRIDONIC LED Driver Constant Current LC 25\/450-600\/42 flexC T-W SNC3 87501033"},"content":{"rendered":"<p>Konstantstrom LED-Treiber f\u00fcr Leuchten der Schutzklasse II, Kompatible Stromschienen 3-Phasen-System, Temperaturschutz nach EN 1347-2-13 C5e, Max. Ausgangsleistung 25,2W, W\u00e4hlbarer fixer Ausgangsstrom via DIP-Schalter 600, 550, 500 und 450 mA, Shutzklasse IP20, Temperaturschutz gem\u00e4\u00df EN 61347-2-13 C5e, Schutzart IP20, weiss<\/p>\n","protected":false},"excerpt":{"rendered":"<p>Konstantstrom LED-Treiber f\u00fcr Leuchten der Schutzklasse II, Kompatible Stromschienen 3-Phasen-System, Temperaturschutz nach EN 1347-2-13 C5e, Max. Ausgangsleistung 25,2W, W\u00e4hlbarer fixer Ausgangsstrom via DIP-Schalter 600, 550, 500 und 450 mA, Shutzklasse IP20, Temperaturschutz gem\u00e4\u00df EN 61347-2-13 C5e, Schutzart IP20, weiss<\/p>\n","protected":false},"featured_media":257900,"template":"","meta":[],"product_brand":[],"product_cat":[84631],"product_tag":[],"class_list":{"0":"post-342998","1":"product","2":"type-product","3":"status-publish","4":"has-post-thumbnail","6":"product_cat-led-betriebsgeraet","8":"first","9":"instock","10":"taxable","11":"shipping-taxable","12":"product-type-simple"},"_links":{"self":[{"href":"https:\/\/www.arclite-shop.de\/en\/wp-json\/wp\/v2\/product\/342998","targetHints":{"allow":["GET"]}}],"collection":[{"href":"https:\/\/www.arclite-shop.de\/en\/wp-json\/wp\/v2\/product"}],"about":[{"href":"https:\/\/www.arclite-shop.de\/en\/wp-json\/wp\/v2\/types\/product"}],"wp:featuredmedia":[{"embeddable":true,"href":"https:\/\/www.arclite-shop.de\/en\/wp-json\/wp\/v2\/media\/257900"}],"wp:attachment":[{"href":"https:\/\/www.arclite-shop.de\/en\/wp-json\/wp\/v2\/media?parent=342998"}],"wp:term":[{"taxonomy":"product_brand","embeddable":true,"href":"https:\/\/www.arclite-shop.de\/en\/wp-json\/wp\/v2\/product_brand?post=342998"},{"taxonomy":"product_cat","embeddable":true,"href":"https:\/\/www.arclite-shop.de\/en\/wp-json\/wp\/v2\/product_cat?post=342998"},{"taxonomy":"product_tag","embeddable":true,"href":"https:\/\/www.arclite-shop.de\/en\/wp-json\/wp\/v2\/product_tag?post=342998"}],"curies":[{"name":"wp","href":"https:\/\/api.w.org\/{rel}","templated":true}]}}