{"id":342981,"date":"2024-10-31T10:38:11","date_gmt":"2024-10-31T09:38:11","guid":{"rendered":"https:\/\/www.arclite-shop.de\/produkt\/73-87500974\/"},"modified":"2026-04-18T16:51:33","modified_gmt":"2026-04-18T14:51:33","slug":"73-87500974","status":"publish","type":"product","link":"https:\/\/www.arclite-shop.de\/en\/produkt\/73-87500974\/","title":{"rendered":"TRIDONIC LED Driver Constant Current LC 25\/200-350\/70 stepDIM lp SNC 87500974"},"content":{"rendered":"<p>Konstantstrom-LED-Treiber f\u00fcr den Leuchteneinbau, Bewegung- und Tageslichterfassung (im Lieferumfang enthalten), F\u00fcr Leuchten der Schutzklasse I und der Schutzklasse II, W\u00e4hlbarer fixer Ausgangsstrom 350, 300, 250 und 200 mA, Max. Ausgangsleistung 25 W, Bis zu 84 % Effizienz, Nominale Lebensdauer bis zu 100.000 h, 5 Jahre Garantie.<\/p>\n","protected":false},"excerpt":{"rendered":"<p>Konstantstrom-LED-Treiber f\u00fcr den Leuchteneinbau, Bewegung- und Tageslichterfassung (im Lieferumfang enthalten), F\u00fcr Leuchten der Schutzklasse I und der Schutzklasse II, W\u00e4hlbarer fixer Ausgangsstrom 350, 300, 250 und 200 mA, Max. Ausgangsleistung 25 W, Bis zu 84 % Effizienz, Nominale Lebensdauer bis<span class=\"excerpt-hellip\"> [\u2026]<\/span><\/p>\n","protected":false},"featured_media":368372,"template":"","meta":[],"product_brand":[],"product_cat":[84631],"product_tag":[],"class_list":{"0":"post-342981","1":"product","2":"type-product","3":"status-publish","4":"has-post-thumbnail","6":"product_cat-led-betriebsgeraet","8":"first","9":"instock","10":"taxable","11":"shipping-taxable","12":"product-type-simple"},"_links":{"self":[{"href":"https:\/\/www.arclite-shop.de\/en\/wp-json\/wp\/v2\/product\/342981","targetHints":{"allow":["GET"]}}],"collection":[{"href":"https:\/\/www.arclite-shop.de\/en\/wp-json\/wp\/v2\/product"}],"about":[{"href":"https:\/\/www.arclite-shop.de\/en\/wp-json\/wp\/v2\/types\/product"}],"wp:featuredmedia":[{"embeddable":true,"href":"https:\/\/www.arclite-shop.de\/en\/wp-json\/wp\/v2\/media\/368372"}],"wp:attachment":[{"href":"https:\/\/www.arclite-shop.de\/en\/wp-json\/wp\/v2\/media?parent=342981"}],"wp:term":[{"taxonomy":"product_brand","embeddable":true,"href":"https:\/\/www.arclite-shop.de\/en\/wp-json\/wp\/v2\/product_brand?post=342981"},{"taxonomy":"product_cat","embeddable":true,"href":"https:\/\/www.arclite-shop.de\/en\/wp-json\/wp\/v2\/product_cat?post=342981"},{"taxonomy":"product_tag","embeddable":true,"href":"https:\/\/www.arclite-shop.de\/en\/wp-json\/wp\/v2\/product_tag?post=342981"}],"curies":[{"name":"wp","href":"https:\/\/api.w.org\/{rel}","templated":true}]}}