{"id":342960,"date":"2024-10-31T10:37:58","date_gmt":"2024-10-31T09:37:58","guid":{"rendered":"https:\/\/www.arclite-shop.de\/produkt\/73-89800830\/"},"modified":"2026-04-18T16:52:08","modified_gmt":"2026-04-18T14:52:08","slug":"73-89800830","status":"publish","type":"product","link":"https:\/\/www.arclite-shop.de\/en\/produkt\/73-89800830\/","title":{"rendered":"TRIDONIC EMcLED BASIC HP emergency lighting control unit   50V 89800830"},"content":{"rendered":"<p>Einzelbatterieversorgter Notlicht-LED-Treiber f\u00fcr manuellen Test, F\u00fcr LED-Module mit einer Vorw\u00e4rtsspannung von 15 \u2013 54V, \u201eLow profile\u201c-Geh\u00e4use (21 x 30 mm Querschnitt), F\u00fcr Leuchteneinbau, Nominale Lebensdauer bis zu 100.000 h, 5 Jahre Garantie. Automatische Abschaltung des Ausgangs, wenn sich die LED-Last au\u00dferhalb des zul\u00e4ssigen Bereichs befindet, Maximale Lichtleistung f\u00fcr alle LED-Module.<\/p>\n","protected":false},"excerpt":{"rendered":"<p>Einzelbatterieversorgter Notlicht-LED-Treiber f\u00fcr manuellen Test, F\u00fcr LED-Module mit einer Vorw\u00e4rtsspannung von 15 \u2013 54V, \u201eLow profile\u201c-Geh\u00e4use (21 x 30 mm Querschnitt), F\u00fcr Leuchteneinbau, Nominale Lebensdauer bis zu 100.000 h, 5 Jahre Garantie. Automatische Abschaltung des Ausgangs, wenn sich die LED-Last<span class=\"excerpt-hellip\"> [\u2026]<\/span><\/p>\n","protected":false},"featured_media":368404,"template":"","meta":[],"product_brand":[],"product_cat":[85190],"product_tag":[],"class_list":{"0":"post-342960","1":"product","2":"type-product","3":"status-publish","4":"has-post-thumbnail","6":"product_cat-notlichtversorgungszentrale","8":"first","9":"instock","10":"taxable","11":"shipping-taxable","12":"product-type-simple"},"_links":{"self":[{"href":"https:\/\/www.arclite-shop.de\/en\/wp-json\/wp\/v2\/product\/342960","targetHints":{"allow":["GET"]}}],"collection":[{"href":"https:\/\/www.arclite-shop.de\/en\/wp-json\/wp\/v2\/product"}],"about":[{"href":"https:\/\/www.arclite-shop.de\/en\/wp-json\/wp\/v2\/types\/product"}],"wp:featuredmedia":[{"embeddable":true,"href":"https:\/\/www.arclite-shop.de\/en\/wp-json\/wp\/v2\/media\/368404"}],"wp:attachment":[{"href":"https:\/\/www.arclite-shop.de\/en\/wp-json\/wp\/v2\/media?parent=342960"}],"wp:term":[{"taxonomy":"product_brand","embeddable":true,"href":"https:\/\/www.arclite-shop.de\/en\/wp-json\/wp\/v2\/product_brand?post=342960"},{"taxonomy":"product_cat","embeddable":true,"href":"https:\/\/www.arclite-shop.de\/en\/wp-json\/wp\/v2\/product_cat?post=342960"},{"taxonomy":"product_tag","embeddable":true,"href":"https:\/\/www.arclite-shop.de\/en\/wp-json\/wp\/v2\/product_tag?post=342960"}],"curies":[{"name":"wp","href":"https:\/\/api.w.org\/{rel}","templated":true}]}}