{"id":342905,"date":"2024-10-31T10:37:29","date_gmt":"2024-10-31T09:37:29","guid":{"rendered":"https:\/\/www.arclite-shop.de\/produkt\/73-89800533\/"},"modified":"2026-04-18T16:55:05","modified_gmt":"2026-04-18T14:55:05","slug":"73-89800533","status":"publish","type":"product","link":"https:\/\/www.arclite-shop.de\/en\/produkt\/73-89800533\/","title":{"rendered":"TRIDONIC Emergency Light Module KIT EM R2A  SIC NM 131 1W 89800533"},"content":{"rendered":"<p>LED-Notlichtmodul f\u00fcr die direkte Installation in Decken, Komplettes Set mit integrierter Elektronik, LED-Modul, K\u00fchlfl\u00e4che, Optik und Akku, Beinhaltet click-in Multi-Linsen-Optik f\u00fcr Anti-Panik-, Fluchtwegs-und Spot-Beleuchtung, Sehr geringe stand-by Energieverluste, Notlichtfunktion f\u00fcr manuellen Test, Decken\u00f6ffnung mit kleiner Gr\u00f6\u00dfe, 40 \u2013 43 mm Durchmesser, 80 mm H\u00f6he.<\/p>\n","protected":false},"excerpt":{"rendered":"<p>LED-Notlichtmodul f\u00fcr die direkte Installation in Decken, Komplettes Set mit integrierter Elektronik, LED-Modul, K\u00fchlfl\u00e4che, Optik und Akku, Beinhaltet click-in Multi-Linsen-Optik f\u00fcr Anti-Panik-, Fluchtwegs-und Spot-Beleuchtung, Sehr geringe stand-by Energieverluste, Notlichtfunktion f\u00fcr manuellen Test, Decken\u00f6ffnung mit kleiner Gr\u00f6\u00dfe, 40 \u2013 43 mm<span class=\"excerpt-hellip\"> [\u2026]<\/span><\/p>\n","protected":false},"featured_media":368422,"template":"","meta":[],"product_brand":[],"product_cat":[85247],"product_tag":[],"class_list":{"0":"post-342905","1":"product","2":"type-product","3":"status-publish","4":"has-post-thumbnail","6":"product_cat-sicherheitsleuchte","8":"first","9":"instock","10":"taxable","11":"shipping-taxable","12":"product-type-simple"},"_links":{"self":[{"href":"https:\/\/www.arclite-shop.de\/en\/wp-json\/wp\/v2\/product\/342905","targetHints":{"allow":["GET"]}}],"collection":[{"href":"https:\/\/www.arclite-shop.de\/en\/wp-json\/wp\/v2\/product"}],"about":[{"href":"https:\/\/www.arclite-shop.de\/en\/wp-json\/wp\/v2\/types\/product"}],"wp:featuredmedia":[{"embeddable":true,"href":"https:\/\/www.arclite-shop.de\/en\/wp-json\/wp\/v2\/media\/368422"}],"wp:attachment":[{"href":"https:\/\/www.arclite-shop.de\/en\/wp-json\/wp\/v2\/media?parent=342905"}],"wp:term":[{"taxonomy":"product_brand","embeddable":true,"href":"https:\/\/www.arclite-shop.de\/en\/wp-json\/wp\/v2\/product_brand?post=342905"},{"taxonomy":"product_cat","embeddable":true,"href":"https:\/\/www.arclite-shop.de\/en\/wp-json\/wp\/v2\/product_cat?post=342905"},{"taxonomy":"product_tag","embeddable":true,"href":"https:\/\/www.arclite-shop.de\/en\/wp-json\/wp\/v2\/product_tag?post=342905"}],"curies":[{"name":"wp","href":"https:\/\/api.w.org\/{rel}","templated":true}]}}