{"id":342891,"date":"2024-10-31T10:37:21","date_gmt":"2024-10-31T09:37:21","guid":{"rendered":"https:\/\/www.arclite-shop.de\/produkt\/73-28003311\/"},"modified":"2026-04-18T16:55:53","modified_gmt":"2026-04-18T14:55:53","slug":"73-28003311","status":"publish","type":"product","link":"https:\/\/www.arclite-shop.de\/en\/produkt\/73-28003311\/","title":{"rendered":"TRIDONIC DALI-2 1-channel relay DALI RM CDM 30 10A 1CH 28003311"},"content":{"rendered":"<p>DALI-2 Relais, Kompatibel mit DALI und DALI-2, 1-Kanal-Stellglied (Schalter) mit DALI-2-Eingang, Geeignet f\u00fcr die Schaltschrankmontage auf 35 mm Hutschiene, Relaisausgang f\u00fcr Netzspannung mit potenzialfreiem Kontakt, onformes DALI-Ger\u00e4tetyp 7.<\/p>\n","protected":false},"excerpt":{"rendered":"<p>DALI-2 Relais, Kompatibel mit DALI und DALI-2, 1-Kanal-Stellglied (Schalter) mit DALI-2-Eingang, Geeignet f\u00fcr die Schaltschrankmontage auf 35 mm Hutschiene, Relaisausgang f\u00fcr Netzspannung mit potenzialfreiem Kontakt, onformes DALI-Ger\u00e4tetyp 7.<\/p>\n","protected":false},"featured_media":368442,"template":"","meta":[],"product_brand":[],"product_cat":[84959],"product_tag":[],"class_list":{"0":"post-342891","1":"product","2":"type-product","3":"status-publish","4":"has-post-thumbnail","6":"product_cat-lichtregelsystemkomponente","8":"first","9":"instock","10":"taxable","11":"shipping-taxable","12":"product-type-simple"},"_links":{"self":[{"href":"https:\/\/www.arclite-shop.de\/en\/wp-json\/wp\/v2\/product\/342891","targetHints":{"allow":["GET"]}}],"collection":[{"href":"https:\/\/www.arclite-shop.de\/en\/wp-json\/wp\/v2\/product"}],"about":[{"href":"https:\/\/www.arclite-shop.de\/en\/wp-json\/wp\/v2\/types\/product"}],"wp:featuredmedia":[{"embeddable":true,"href":"https:\/\/www.arclite-shop.de\/en\/wp-json\/wp\/v2\/media\/368442"}],"wp:attachment":[{"href":"https:\/\/www.arclite-shop.de\/en\/wp-json\/wp\/v2\/media?parent=342891"}],"wp:term":[{"taxonomy":"product_brand","embeddable":true,"href":"https:\/\/www.arclite-shop.de\/en\/wp-json\/wp\/v2\/product_brand?post=342891"},{"taxonomy":"product_cat","embeddable":true,"href":"https:\/\/www.arclite-shop.de\/en\/wp-json\/wp\/v2\/product_cat?post=342891"},{"taxonomy":"product_tag","embeddable":true,"href":"https:\/\/www.arclite-shop.de\/en\/wp-json\/wp\/v2\/product_tag?post=342891"}],"curies":[{"name":"wp","href":"https:\/\/api.w.org\/{rel}","templated":true}]}}