{"id":342886,"date":"2024-10-31T10:37:17","date_gmt":"2024-10-31T09:37:17","guid":{"rendered":"https:\/\/www.arclite-shop.de\/produkt\/73-28003541\/"},"modified":"2026-04-18T16:56:12","modified_gmt":"2026-04-18T14:56:12","slug":"73-28003541","status":"publish","type":"product","link":"https:\/\/www.arclite-shop.de\/en\/produkt\/73-28003541\/","title":{"rendered":"TRIDONIC Casambi Ready wireless modules basicDIM Wireless passive module G2 28003541"},"content":{"rendered":"<p>Casambi Ready Funk-Module, Drahtlose Steuerung mittels Android- \/ iOS-Ger\u00e4t, Kein externes Gateway notwendig, Baut automatisch ein drahtloses Kommunikationsnetzwerk, Kleine Bauform, ideal f\u00fcr den Leuchteneinbau, Digitaler Ausgang: DALI kompatibel, Versorgung \u00fcber DALI-Leitung, 4 unabh\u00e4ngige Taster-Eing\u00e4nge, Einfache Implementierung von RGB- und Farbtemperaturregelungen. <\/p>\n","protected":false},"excerpt":{"rendered":"<p>Casambi Ready Funk-Module, Drahtlose Steuerung mittels Android- \/ iOS-Ger\u00e4t, Kein externes Gateway notwendig, Baut automatisch ein drahtloses Kommunikationsnetzwerk, Kleine Bauform, ideal f\u00fcr den Leuchteneinbau, Digitaler Ausgang: DALI kompatibel, Versorgung \u00fcber DALI-Leitung, 4 unabh\u00e4ngige Taster-Eing\u00e4nge, Einfache Implementierung von RGB- und Farbtemperaturregelungen.<\/p>\n","protected":false},"featured_media":368450,"template":"","meta":[],"product_brand":[],"product_cat":[84959],"product_tag":[],"class_list":{"0":"post-342886","1":"product","2":"type-product","3":"status-publish","4":"has-post-thumbnail","6":"product_cat-lichtregelsystemkomponente","8":"first","9":"instock","10":"taxable","11":"shipping-taxable","12":"product-type-simple"},"_links":{"self":[{"href":"https:\/\/www.arclite-shop.de\/en\/wp-json\/wp\/v2\/product\/342886","targetHints":{"allow":["GET"]}}],"collection":[{"href":"https:\/\/www.arclite-shop.de\/en\/wp-json\/wp\/v2\/product"}],"about":[{"href":"https:\/\/www.arclite-shop.de\/en\/wp-json\/wp\/v2\/types\/product"}],"wp:featuredmedia":[{"embeddable":true,"href":"https:\/\/www.arclite-shop.de\/en\/wp-json\/wp\/v2\/media\/368450"}],"wp:attachment":[{"href":"https:\/\/www.arclite-shop.de\/en\/wp-json\/wp\/v2\/media?parent=342886"}],"wp:term":[{"taxonomy":"product_brand","embeddable":true,"href":"https:\/\/www.arclite-shop.de\/en\/wp-json\/wp\/v2\/product_brand?post=342886"},{"taxonomy":"product_cat","embeddable":true,"href":"https:\/\/www.arclite-shop.de\/en\/wp-json\/wp\/v2\/product_cat?post=342886"},{"taxonomy":"product_tag","embeddable":true,"href":"https:\/\/www.arclite-shop.de\/en\/wp-json\/wp\/v2\/product_tag?post=342886"}],"curies":[{"name":"wp","href":"https:\/\/api.w.org\/{rel}","templated":true}]}}