{"id":342869,"date":"2024-10-31T10:37:09","date_gmt":"2024-10-31T09:37:09","guid":{"rendered":"https:\/\/www.arclite-shop.de\/produkt\/73-28001137\/"},"modified":"2026-04-18T16:56:33","modified_gmt":"2026-04-18T14:56:33","slug":"73-28001137","status":"publish","type":"product","link":"https:\/\/www.arclite-shop.de\/en\/produkt\/73-28001137\/","title":{"rendered":"TRIDONIC Resistor I-SELECT 2 PLUG 1900MA BL 28001137"},"content":{"rendered":"<p>Vorgefertigter Widerstand f\u00fcr Stromeinstellung, Kompatibel mit LED-Treiber mit I-select 2 Interface; nicht kompatibel mit I-SELECT (Generation 1), Widerstand ist basisisoliert, Widerstandsleistung 0, 25 W, Stromtoleranz \u00b1 2 % zus\u00e4tzlich zur Ausgangsstromtoleranz, Kompatibel mit LED-Treiber der Serien PRE und EXC, R [kO] = 5 V \/ I_out [mA] x 1000, Verwendung von E96 Widerst\u00e4nden, Widerstandstoleranz 1 %; Leistung 0.1 W; Basisisolierung erforderlich, Wird ein Widerstandswert au\u00dferhalb des spezifizierten Bereiches verwendet, so wird automatisch der Minimal-Strom (bei zu gro\u00dfem Widerstandswert) bzw. der Maximum-Strom (bei zu kleinem Widerstandwert) eingestellt<\/p>\n","protected":false},"excerpt":{"rendered":"<p>Vorgefertigter Widerstand f\u00fcr Stromeinstellung, Kompatibel mit LED-Treiber mit I-select 2 Interface; nicht kompatibel mit I-SELECT (Generation 1), Widerstand ist basisisoliert, Widerstandsleistung 0, 25 W, Stromtoleranz \u00b1 2 % zus\u00e4tzlich zur Ausgangsstromtoleranz, Kompatibel mit LED-Treiber der Serien PRE und EXC, R<span class=\"excerpt-hellip\"> [\u2026]<\/span><\/p>\n","protected":false},"featured_media":368462,"template":"","meta":[],"product_brand":[],"product_cat":[84899],"product_tag":[],"class_list":{"0":"post-342869","1":"product","2":"type-product","3":"status-publish","4":"has-post-thumbnail","6":"product_cat-zubehoer-ersatzteile-fuer-led-betriebsgeraete-und-module","8":"first","9":"instock","10":"taxable","11":"shipping-taxable","12":"product-type-simple"},"_links":{"self":[{"href":"https:\/\/www.arclite-shop.de\/en\/wp-json\/wp\/v2\/product\/342869","targetHints":{"allow":["GET"]}}],"collection":[{"href":"https:\/\/www.arclite-shop.de\/en\/wp-json\/wp\/v2\/product"}],"about":[{"href":"https:\/\/www.arclite-shop.de\/en\/wp-json\/wp\/v2\/types\/product"}],"wp:featuredmedia":[{"embeddable":true,"href":"https:\/\/www.arclite-shop.de\/en\/wp-json\/wp\/v2\/media\/368462"}],"wp:attachment":[{"href":"https:\/\/www.arclite-shop.de\/en\/wp-json\/wp\/v2\/media?parent=342869"}],"wp:term":[{"taxonomy":"product_brand","embeddable":true,"href":"https:\/\/www.arclite-shop.de\/en\/wp-json\/wp\/v2\/product_brand?post=342869"},{"taxonomy":"product_cat","embeddable":true,"href":"https:\/\/www.arclite-shop.de\/en\/wp-json\/wp\/v2\/product_cat?post=342869"},{"taxonomy":"product_tag","embeddable":true,"href":"https:\/\/www.arclite-shop.de\/en\/wp-json\/wp\/v2\/product_tag?post=342869"}],"curies":[{"name":"wp","href":"https:\/\/api.w.org\/{rel}","templated":true}]}}