{"id":342867,"date":"2024-10-31T10:37:08","date_gmt":"2024-10-31T09:37:08","guid":{"rendered":"https:\/\/www.arclite-shop.de\/produkt\/73-28001874\/"},"modified":"2026-04-18T16:56:35","modified_gmt":"2026-04-18T14:56:35","slug":"73-28001874","status":"publish","type":"product","link":"https:\/\/www.arclite-shop.de\/en\/produkt\/73-28001874\/","title":{"rendered":"TRIDONIC Mechanical Accessories Sensor Housing ACU 031 IP20 WH 28001874"},"content":{"rendered":"<p>Montagerahmen f\u00fcr verdrahtete MSensor G3 SFI 30 PIR 10DPI WH Sensoren zur direkten Befestigung an der Decke, Leichte \u201eclick in\u201c Installation des Sensors, IP20, Geh\u00e4use: Polycarbonat, wei\u00df, UV-stabilisierter Kunststoff, MSensor G3 SFI 30 PIR 10DPI WH wird \u00fcber DALI versorgt, Befestingungssatz mit Schrauben und dekorativen Steckern, 0, 5 mm\u00b2 Verdrahtung f\u00fcr den Sensor, Zwei 3 x 1, 5 mm\u00b2 Klemmen mit Kabeleinf\u00fchrung (2 Durchf\u00fchrungen auf der Vorderseite), Inklusive Dichtung f\u00fcr idealen IP-Schutz, Geh\u00e4use getestet mit Gl\u00fchdrahttest nach EN 61347-1 und mit 850 \u00b0C bestanden<\/p>\n","protected":false},"excerpt":{"rendered":"<p>Montagerahmen f\u00fcr verdrahtete MSensor G3 SFI 30 PIR 10DPI WH Sensoren zur direkten Befestigung an der Decke, Leichte \u201eclick in\u201c Installation des Sensors, IP20, Geh\u00e4use: Polycarbonat, wei\u00df, UV-stabilisierter Kunststoff, MSensor G3 SFI 30 PIR 10DPI WH wird \u00fcber DALI versorgt,<span class=\"excerpt-hellip\"> [\u2026]<\/span><\/p>\n","protected":false},"featured_media":368466,"template":"","meta":[],"product_brand":[],"product_cat":[84899],"product_tag":[],"class_list":{"0":"post-342867","1":"product","2":"type-product","3":"status-publish","4":"has-post-thumbnail","6":"product_cat-zubehoer-ersatzteile-fuer-led-betriebsgeraete-und-module","8":"first","9":"instock","10":"taxable","11":"shipping-taxable","12":"product-type-simple"},"_links":{"self":[{"href":"https:\/\/www.arclite-shop.de\/en\/wp-json\/wp\/v2\/product\/342867","targetHints":{"allow":["GET"]}}],"collection":[{"href":"https:\/\/www.arclite-shop.de\/en\/wp-json\/wp\/v2\/product"}],"about":[{"href":"https:\/\/www.arclite-shop.de\/en\/wp-json\/wp\/v2\/types\/product"}],"wp:featuredmedia":[{"embeddable":true,"href":"https:\/\/www.arclite-shop.de\/en\/wp-json\/wp\/v2\/media\/368466"}],"wp:attachment":[{"href":"https:\/\/www.arclite-shop.de\/en\/wp-json\/wp\/v2\/media?parent=342867"}],"wp:term":[{"taxonomy":"product_brand","embeddable":true,"href":"https:\/\/www.arclite-shop.de\/en\/wp-json\/wp\/v2\/product_brand?post=342867"},{"taxonomy":"product_cat","embeddable":true,"href":"https:\/\/www.arclite-shop.de\/en\/wp-json\/wp\/v2\/product_cat?post=342867"},{"taxonomy":"product_tag","embeddable":true,"href":"https:\/\/www.arclite-shop.de\/en\/wp-json\/wp\/v2\/product_tag?post=342867"}],"curies":[{"name":"wp","href":"https:\/\/api.w.org\/{rel}","templated":true}]}}